{"id":999,"date":"2024-05-20T21:30:47","date_gmt":"2024-05-20T21:30:47","guid":{"rendered":"https:\/\/sitestriplem.online\/?post_type=product&#038;p=999"},"modified":"2026-02-12T16:08:49","modified_gmt":"2026-02-12T16:08:49","slug":"boreade-sl-cuidado-alisante","status":"publish","type":"product","link":"https:\/\/csportugal.pt\/?product=boreade-sl-cuidado-alisante","title":{"rendered":"Bor\u00e9ade SL Cuidado Alisante"},"content":{"rendered":"<p>Bor\u00e9ade SL corrige e alisa as primeiras rugas.<\/p>\n<p>Est\u00e1 indicado para a pele dos adultos com acne e corrige imperfei\u00e7\u00f5es persistentes (p\u00fastulas, comed\u00f5es) e suaviza as primeiras rugas.<\/p>\n<p>Indicado para peles mistas a oleosas. Ideal para mulheres adultas.<\/p>\n<p>&nbsp;<\/p>\n<div class=\"r\">\n<div class=\"s\"><span class=\"a\"><strong>APRESENTA\u00c7\u00c3O:<\/strong>\u00a0<\/span><span class=\"b\">Bisnaga de 40 ml<\/span><\/div>\n<\/div>\n<div class=\"r\">\n<div class=\"s\"><span class=\"a\"><strong>CNP:<\/strong>\u00a0<\/span><span class=\"b\">6884494<\/span><\/div>\n<\/div>\n","protected":false},"excerpt":{"rendered":"<p>Bor\u00e9ade SL corrige e alisa as primeiras rugas. Est\u00e1 indicado para a pele dos adultos com acne e corrige imperfei\u00e7\u00f5es persistentes (p\u00fastulas, comed\u00f5es) e suaviza as primeiras rugas. Indicado para peles mistas a oleosas. Ideal para mulheres adultas. &nbsp; APRESENTA\u00c7\u00c3O:\u00a0Bisnaga de 40 ml CNP:\u00a06884494<\/p>\n","protected":false},"featured_media":1064,"comment_status":"open","ping_status":"closed","template":"","meta":{"_acf_changed":false,"_monsterinsights_skip_tracking":false,"_monsterinsights_sitenote_active":false,"_monsterinsights_sitenote_note":"","_monsterinsights_sitenote_category":0},"product_brand":[],"product_cat":[42,57],"product_tag":[],"class_list":{"0":"post-999","1":"product","2":"type-product","3":"status-publish","4":"has-post-thumbnail","6":"product_cat-acne","7":"product_cat-adultos","9":"first","10":"instock","11":"taxable","12":"shipping-taxable","13":"purchasable","14":"product-type-simple"},"acf":[],"_links":{"self":[{"href":"https:\/\/csportugal.pt\/index.php?rest_route=\/wp\/v2\/product\/999","targetHints":{"allow":["GET"]}}],"collection":[{"href":"https:\/\/csportugal.pt\/index.php?rest_route=\/wp\/v2\/product"}],"about":[{"href":"https:\/\/csportugal.pt\/index.php?rest_route=\/wp\/v2\/types\/product"}],"replies":[{"embeddable":true,"href":"https:\/\/csportugal.pt\/index.php?rest_route=%2Fwp%2Fv2%2Fcomments&post=999"}],"wp:featuredmedia":[{"embeddable":true,"href":"https:\/\/csportugal.pt\/index.php?rest_route=\/wp\/v2\/media\/1064"}],"wp:attachment":[{"href":"https:\/\/csportugal.pt\/index.php?rest_route=%2Fwp%2Fv2%2Fmedia&parent=999"}],"wp:term":[{"taxonomy":"product_brand","embeddable":true,"href":"https:\/\/csportugal.pt\/index.php?rest_route=%2Fwp%2Fv2%2Fproduct_brand&post=999"},{"taxonomy":"product_cat","embeddable":true,"href":"https:\/\/csportugal.pt\/index.php?rest_route=%2Fwp%2Fv2%2Fproduct_cat&post=999"},{"taxonomy":"product_tag","embeddable":true,"href":"https:\/\/csportugal.pt\/index.php?rest_route=%2Fwp%2Fv2%2Fproduct_tag&post=999"}],"curies":[{"name":"wp","href":"https:\/\/api.w.org\/{rel}","templated":true}]}}