{"id":994,"date":"2024-05-20T21:24:59","date_gmt":"2024-05-20T21:24:59","guid":{"rendered":"https:\/\/sitestriplem.online\/?post_type=product&#038;p=994"},"modified":"2026-02-12T16:07:47","modified_gmt":"2026-02-12T16:07:47","slug":"boreade-m-cuidado-seborregulador-matificante","status":"publish","type":"product","link":"https:\/\/csportugal.pt\/?product=boreade-m-cuidado-seborregulador-matificante","title":{"rendered":"Bor\u00e9ade M Cuidado Seborregulador Matificante"},"content":{"rendered":"<p>Bor\u00e9ade M \u00e9 um creme leve, fresco hidratante e matificante que neutraliza o brilho da pele durante todo o dia.<\/p>\n<p>Est\u00e1 indicado para peles mistas a oleosas, com brilho.<\/p>\n<div class=\"r\">\n<div class=\"s\"><strong><span class=\"a\">APRESENTA\u00c7\u00c3O:\u00a0<\/span><\/strong><span class=\"b\">Bisnaga de 40 ml<\/span><\/div>\n<\/div>\n<div class=\"r\">\n<div class=\"s\"><strong><span class=\"a\">CNP:\u00a0<\/span><\/strong><span class=\"b\">6884486<\/span><\/div>\n<\/div>\n","protected":false},"excerpt":{"rendered":"<p>Bor\u00e9ade M \u00e9 um creme leve, fresco hidratante e matificante que neutraliza o brilho da pele durante todo o dia. Est\u00e1 indicado para peles mistas a oleosas, com brilho. APRESENTA\u00c7\u00c3O:\u00a0Bisnaga de 40 ml CNP:\u00a06884486<\/p>\n","protected":false},"featured_media":1062,"comment_status":"open","ping_status":"closed","template":"","meta":{"_acf_changed":false,"_monsterinsights_skip_tracking":false,"_monsterinsights_sitenote_active":false,"_monsterinsights_sitenote_note":"","_monsterinsights_sitenote_category":0},"product_brand":[],"product_cat":[42,57],"product_tag":[],"class_list":{"0":"post-994","1":"product","2":"type-product","3":"status-publish","4":"has-post-thumbnail","6":"product_cat-acne","7":"product_cat-adultos","9":"first","10":"instock","11":"taxable","12":"shipping-taxable","13":"purchasable","14":"product-type-simple"},"acf":[],"_links":{"self":[{"href":"https:\/\/csportugal.pt\/index.php?rest_route=\/wp\/v2\/product\/994","targetHints":{"allow":["GET"]}}],"collection":[{"href":"https:\/\/csportugal.pt\/index.php?rest_route=\/wp\/v2\/product"}],"about":[{"href":"https:\/\/csportugal.pt\/index.php?rest_route=\/wp\/v2\/types\/product"}],"replies":[{"embeddable":true,"href":"https:\/\/csportugal.pt\/index.php?rest_route=%2Fwp%2Fv2%2Fcomments&post=994"}],"wp:featuredmedia":[{"embeddable":true,"href":"https:\/\/csportugal.pt\/index.php?rest_route=\/wp\/v2\/media\/1062"}],"wp:attachment":[{"href":"https:\/\/csportugal.pt\/index.php?rest_route=%2Fwp%2Fv2%2Fmedia&parent=994"}],"wp:term":[{"taxonomy":"product_brand","embeddable":true,"href":"https:\/\/csportugal.pt\/index.php?rest_route=%2Fwp%2Fv2%2Fproduct_brand&post=994"},{"taxonomy":"product_cat","embeddable":true,"href":"https:\/\/csportugal.pt\/index.php?rest_route=%2Fwp%2Fv2%2Fproduct_cat&post=994"},{"taxonomy":"product_tag","embeddable":true,"href":"https:\/\/csportugal.pt\/index.php?rest_route=%2Fwp%2Fv2%2Fproduct_tag&post=994"}],"curies":[{"name":"wp","href":"https:\/\/api.w.org\/{rel}","templated":true}]}}