{"id":988,"date":"2024-05-17T15:21:55","date_gmt":"2024-05-17T15:21:55","guid":{"rendered":"https:\/\/sitestriplem.online\/?post_type=product&#038;p=988"},"modified":"2026-02-12T16:15:01","modified_gmt":"2026-02-12T16:15:01","slug":"novophane-champo-energizante","status":"publish","type":"product","link":"https:\/\/csportugal.pt\/?product=novophane-champo-energizante","title":{"rendered":"Novophane Champ\u00f4 Energizante"},"content":{"rendered":"<div class=\"p content\">\n<p><strong>Cabelo saud\u00e1vel e brilhante sem esfor\u00e7o.<\/strong><\/p>\n<p>Champ\u00f4 de uso frequente, suave e vitaminado para cabelos sens\u00edveis e fragilizados.<\/p>\n<p>Uma associa\u00e7\u00e3o de bases lavantes suaves no combate aos cabelos fragilizados e sem vida.<\/p>\n<p>Agentes condicionadores cati\u00f3nicos tornam os cabelos mais bonitos:<\/p>\n<ul>\n<li>Extracto de Goma Guar:\n<ul>\n<li>Efeito anti-est\u00e1tico;<\/li>\n<li>Efeito volume;<\/li>\n<li>Facilita o pentear;<\/li>\n<li>Melhora o desembara\u00e7ar.<\/li>\n<\/ul>\n<\/li>\n<\/ul>\n<ul>\n<li>Derivado de Celulose:\n<ul>\n<li>Facilita o pentear.<\/li>\n<\/ul>\n<\/li>\n<\/ul>\n<p class=\"small\">\n<\/div>\n<div class=\"q\">\n<div class=\"r\">\n<div class=\"s\"><strong><span class=\"a\">APRESENTA\u00c7\u00c3O: <\/span><\/strong><span class=\"b\">Frasco de 200 ml<\/span><\/div>\n<\/div>\n<div class=\"r\">\n<div class=\"s\"><span class=\"a\"><strong>CNP:<\/strong>\u00a0<\/span><span class=\"b\">6906818<\/span><\/div>\n<\/div>\n<\/div>\n","protected":false},"excerpt":{"rendered":"<p>Cabelo saud\u00e1vel e brilhante sem esfor\u00e7o. Champ\u00f4 de uso frequente, suave e vitaminado para cabelos sens\u00edveis e fragilizados. Uma associa\u00e7\u00e3o de bases lavantes suaves no combate aos cabelos fragilizados e sem vida. Agentes condicionadores cati\u00f3nicos tornam os cabelos mais bonitos: Extracto de Goma Guar: Efeito anti-est\u00e1tico; Efeito volume; Facilita o pentear; Melhora o desembara\u00e7ar. Derivado [&hellip;]<\/p>\n","protected":false},"featured_media":1311,"comment_status":"open","ping_status":"closed","template":"","meta":{"_acf_changed":false,"_monsterinsights_skip_tracking":false,"_monsterinsights_sitenote_active":false,"_monsterinsights_sitenote_note":"","_monsterinsights_sitenote_category":0},"product_brand":[],"product_cat":[38],"product_tag":[],"class_list":{"0":"post-988","1":"product","2":"type-product","3":"status-publish","4":"has-post-thumbnail","6":"product_cat-cabelo-e-unhas","8":"first","9":"instock","10":"taxable","11":"shipping-taxable","12":"purchasable","13":"product-type-simple"},"acf":[],"_links":{"self":[{"href":"https:\/\/csportugal.pt\/index.php?rest_route=\/wp\/v2\/product\/988","targetHints":{"allow":["GET"]}}],"collection":[{"href":"https:\/\/csportugal.pt\/index.php?rest_route=\/wp\/v2\/product"}],"about":[{"href":"https:\/\/csportugal.pt\/index.php?rest_route=\/wp\/v2\/types\/product"}],"replies":[{"embeddable":true,"href":"https:\/\/csportugal.pt\/index.php?rest_route=%2Fwp%2Fv2%2Fcomments&post=988"}],"wp:featuredmedia":[{"embeddable":true,"href":"https:\/\/csportugal.pt\/index.php?rest_route=\/wp\/v2\/media\/1311"}],"wp:attachment":[{"href":"https:\/\/csportugal.pt\/index.php?rest_route=%2Fwp%2Fv2%2Fmedia&parent=988"}],"wp:term":[{"taxonomy":"product_brand","embeddable":true,"href":"https:\/\/csportugal.pt\/index.php?rest_route=%2Fwp%2Fv2%2Fproduct_brand&post=988"},{"taxonomy":"product_cat","embeddable":true,"href":"https:\/\/csportugal.pt\/index.php?rest_route=%2Fwp%2Fv2%2Fproduct_cat&post=988"},{"taxonomy":"product_tag","embeddable":true,"href":"https:\/\/csportugal.pt\/index.php?rest_route=%2Fwp%2Fv2%2Fproduct_tag&post=988"}],"curies":[{"name":"wp","href":"https:\/\/api.w.org\/{rel}","templated":true}]}}