{"id":982,"date":"2024-05-17T15:04:58","date_gmt":"2024-05-17T15:04:58","guid":{"rendered":"https:\/\/sitestriplem.online\/?post_type=product&#038;p=982"},"modified":"2026-02-12T16:10:38","modified_gmt":"2026-02-12T16:10:38","slug":"depiwhite-advanced-creme","status":"publish","type":"product","link":"https:\/\/csportugal.pt\/?product=depiwhite-advanced-creme","title":{"rendered":"D\u00e9piwhite Advanced"},"content":{"rendered":"<p><strong>Creme intensivo anti-manchas<\/strong><br \/>\nPromove o desaparecimento da m\u00e1scara da gravidez, tipo uma mancha escura.<\/p>\n<p>Gra\u00e7as \u00e0 sua combina\u00e7\u00e3o de princ\u00edpios ativos espec\u00edficos, D\u00e9piwhite Advanced atenua ou elimina as manchas escuras, limita o seu reaparecimento e unifica a cor da tez ao regular a produ\u00e7\u00e3o de melanina, respons\u00e1vel pelas manchas escuras, devido a 3 a\u00e7\u00f5es sin\u00e9rgicas:<\/p>\n<ul>\n<li>Diminui\u00e7\u00e3o da produ\u00e7\u00e3o de melanina<\/li>\n<li>Elimina\u00e7\u00e3o da melanina epid\u00e9rmica existente<\/li>\n<li>Estimula\u00e7\u00e3o da biodegrada\u00e7\u00e3o da melanina<\/li>\n<\/ul>\n<p><strong>PRIMEIRO ATIVADOR DA BIODEGRADA\u00c7\u00c3O DA MELANINA<\/strong><\/p>\n<p><img decoding=\"async\" class=\"wp-image-1089 alignnone\" src=\"http:\/\/www.csportugal.pt\/wp-content\/uploads\/2020\/10\/534.png\" alt=\"\" width=\"179\" height=\"130\" \/><\/p>\n<div class=\"r\">\n<div class=\"s\"><span class=\"a\"><strong>APRESENTA\u00c7\u00c3O:<\/strong> <\/span><span class=\"b\">Bisnaga de 40 ml<\/span><\/div>\n<\/div>\n<div class=\"r\">\n<div class=\"s\"><strong><span class=\"a\">CNP:\u00a0<\/span><\/strong><span class=\"b\">7484485<\/span><\/div>\n<\/div>\n","protected":false},"excerpt":{"rendered":"<p>Creme intensivo anti-manchas Promove o desaparecimento da m\u00e1scara da gravidez, tipo uma mancha escura. Gra\u00e7as \u00e0 sua combina\u00e7\u00e3o de princ\u00edpios ativos espec\u00edficos, D\u00e9piwhite Advanced atenua ou elimina as manchas escuras, limita o seu reaparecimento e unifica a cor da tez ao regular a produ\u00e7\u00e3o de melanina, respons\u00e1vel pelas manchas escuras, devido a 3 a\u00e7\u00f5es sin\u00e9rgicas: [&hellip;]<\/p>\n","protected":false},"featured_media":983,"comment_status":"open","ping_status":"closed","template":"","meta":{"_acf_changed":false,"_monsterinsights_skip_tracking":false,"_monsterinsights_sitenote_active":false,"_monsterinsights_sitenote_note":"","_monsterinsights_sitenote_category":0},"product_brand":[],"product_cat":[39],"product_tag":[],"class_list":{"0":"post-982","1":"product","2":"type-product","3":"status-publish","4":"has-post-thumbnail","6":"product_cat-hiperpigmentacao","8":"first","9":"instock","10":"taxable","11":"shipping-taxable","12":"purchasable","13":"product-type-simple"},"acf":[],"_links":{"self":[{"href":"https:\/\/csportugal.pt\/index.php?rest_route=\/wp\/v2\/product\/982","targetHints":{"allow":["GET"]}}],"collection":[{"href":"https:\/\/csportugal.pt\/index.php?rest_route=\/wp\/v2\/product"}],"about":[{"href":"https:\/\/csportugal.pt\/index.php?rest_route=\/wp\/v2\/types\/product"}],"replies":[{"embeddable":true,"href":"https:\/\/csportugal.pt\/index.php?rest_route=%2Fwp%2Fv2%2Fcomments&post=982"}],"wp:featuredmedia":[{"embeddable":true,"href":"https:\/\/csportugal.pt\/index.php?rest_route=\/wp\/v2\/media\/983"}],"wp:attachment":[{"href":"https:\/\/csportugal.pt\/index.php?rest_route=%2Fwp%2Fv2%2Fmedia&parent=982"}],"wp:term":[{"taxonomy":"product_brand","embeddable":true,"href":"https:\/\/csportugal.pt\/index.php?rest_route=%2Fwp%2Fv2%2Fproduct_brand&post=982"},{"taxonomy":"product_cat","embeddable":true,"href":"https:\/\/csportugal.pt\/index.php?rest_route=%2Fwp%2Fv2%2Fproduct_cat&post=982"},{"taxonomy":"product_tag","embeddable":true,"href":"https:\/\/csportugal.pt\/index.php?rest_route=%2Fwp%2Fv2%2Fproduct_tag&post=982"}],"curies":[{"name":"wp","href":"https:\/\/api.w.org\/{rel}","templated":true}]}}