{"id":974,"date":"2024-05-17T14:49:18","date_gmt":"2024-05-17T14:49:18","guid":{"rendered":"https:\/\/sitestriplem.online\/?post_type=product&#038;p=974"},"modified":"2026-02-12T16:11:43","modified_gmt":"2026-02-12T16:11:43","slug":"depiwhite-m-c-cor","status":"publish","type":"product","link":"https:\/\/csportugal.pt\/?product=depiwhite-m-c-cor","title":{"rendered":"D\u00e9piwhite M C\/ Cor"},"content":{"rendered":"<p>D\u00e9piwhite M \u00e9 um creme de prote\u00e7\u00e3o solar com cor. Previne a ocorr\u00eancia ou agravamento das marcas de pigmenta\u00e7\u00e3o como melasma. Cont\u00e9m uma combina\u00e7\u00e3o de filtros solares, pigmentos e ingredientes ativos, com prote\u00e7\u00e3o dos raios UVA e UVB, bem como, contra a luz vis\u00edvel (luz azul e violeta).<\/p>\n<p>\u00c9 um creme de prote\u00e7\u00e3o solar, com uma textura fluida, foto-est\u00e1vel e resistente \u00e0 \u00e1gua.<br \/>\nEste tratamento oferece uma prote\u00e7\u00e3o solar muito alta que ajuda a prevenir o aparecimento ou agravamento de manchas de pigmenta\u00e7\u00e3o, como m\u00e1scaras da gravidez.<\/p>\n<p><img decoding=\"async\" class=\"alignnone size-medium wp-image-975\" src=\"https:\/\/sitestriplem.online\/wp-content\/uploads\/2024\/05\/imagem1-300x122.png\" alt=\"\" width=\"300\" height=\"122\" srcset=\"https:\/\/csportugal.pt\/wp-content\/uploads\/2024\/05\/imagem1-300x122.png 300w, https:\/\/csportugal.pt\/wp-content\/uploads\/2024\/05\/imagem1.png 548w\" sizes=\"(max-width: 300px) 100vw, 300px\" \/><\/p>\n<p><strong>Primeira figura:<\/strong>\u00a0Espalhar duas camadas de D\u00e9piwhite M C\/ Cor pelos dois dedos,<\/p>\n<p>(1 dose de creme = 1 linha de 2 cm por dedo).<\/p>\n<p><strong>Segunda figura:<\/strong>\u00a0APLICAR no rosto (queixo,bochechas, testa e nariz).<\/p>\n<p><strong>Terceira figura:\u00a0<\/strong>MASSAJAR cada parte do rosto com movimentos circulares.<\/p>\n<p>&nbsp;<\/p>\n<div class=\"r\">\n<div class=\"s\"><strong><span class=\"a\">APRESENTA\u00c7\u00c3O:\u00a0<\/span><\/strong><span class=\"b\">Bisnaga de 40 ml<\/span><\/div>\n<\/div>\n<div class=\"r\">\n<div class=\"s\"><span class=\"a\"><strong>CNP:<\/strong>\u00a0<\/span><span class=\"b\">7242230<\/span><\/div>\n<\/div>\n","protected":false},"excerpt":{"rendered":"<p>D\u00e9piwhite M \u00e9 um creme de prote\u00e7\u00e3o solar com cor. Previne a ocorr\u00eancia ou agravamento das marcas de pigmenta\u00e7\u00e3o como melasma. Cont\u00e9m uma combina\u00e7\u00e3o de filtros solares, pigmentos e ingredientes ativos, com prote\u00e7\u00e3o dos raios UVA e UVB, bem como, contra a luz vis\u00edvel (luz azul e violeta). \u00c9 um creme de prote\u00e7\u00e3o solar, com [&hellip;]<\/p>\n","protected":false},"featured_media":978,"comment_status":"open","ping_status":"closed","template":"","meta":{"_acf_changed":false,"_monsterinsights_skip_tracking":false,"_monsterinsights_sitenote_active":false,"_monsterinsights_sitenote_note":"","_monsterinsights_sitenote_category":0},"product_brand":[],"product_cat":[39],"product_tag":[],"class_list":{"0":"post-974","1":"product","2":"type-product","3":"status-publish","4":"has-post-thumbnail","6":"product_cat-hiperpigmentacao","8":"first","9":"instock","10":"taxable","11":"shipping-taxable","12":"purchasable","13":"product-type-simple"},"acf":[],"_links":{"self":[{"href":"https:\/\/csportugal.pt\/index.php?rest_route=\/wp\/v2\/product\/974","targetHints":{"allow":["GET"]}}],"collection":[{"href":"https:\/\/csportugal.pt\/index.php?rest_route=\/wp\/v2\/product"}],"about":[{"href":"https:\/\/csportugal.pt\/index.php?rest_route=\/wp\/v2\/types\/product"}],"replies":[{"embeddable":true,"href":"https:\/\/csportugal.pt\/index.php?rest_route=%2Fwp%2Fv2%2Fcomments&post=974"}],"wp:featuredmedia":[{"embeddable":true,"href":"https:\/\/csportugal.pt\/index.php?rest_route=\/wp\/v2\/media\/978"}],"wp:attachment":[{"href":"https:\/\/csportugal.pt\/index.php?rest_route=%2Fwp%2Fv2%2Fmedia&parent=974"}],"wp:term":[{"taxonomy":"product_brand","embeddable":true,"href":"https:\/\/csportugal.pt\/index.php?rest_route=%2Fwp%2Fv2%2Fproduct_brand&post=974"},{"taxonomy":"product_cat","embeddable":true,"href":"https:\/\/csportugal.pt\/index.php?rest_route=%2Fwp%2Fv2%2Fproduct_cat&post=974"},{"taxonomy":"product_tag","embeddable":true,"href":"https:\/\/csportugal.pt\/index.php?rest_route=%2Fwp%2Fv2%2Fproduct_tag&post=974"}],"curies":[{"name":"wp","href":"https:\/\/api.w.org\/{rel}","templated":true}]}}