{"id":904,"date":"2024-04-23T13:32:52","date_gmt":"2024-04-23T13:32:52","guid":{"rendered":"https:\/\/sitestriplem.online\/?post_type=product&#038;p=904"},"modified":"2026-03-30T15:39:04","modified_gmt":"2026-03-30T15:39:04","slug":"molutrex","status":"publish","type":"product","link":"https:\/\/csportugal.pt\/?product=molutrex","title":{"rendered":"Molutrex"},"content":{"rendered":"<p>Molutrex \u00e9 uma solu\u00e7\u00e3o de hidr\u00f3xido de pot\u00e1ssio 5%, eficaz e de utiliza\u00e7\u00e3o simples no tratamento do\u00a0<em>Molluscum contagiosum<\/em>\u00a0(MC).<\/p>\n<p>Molutrex \u00e9 um dispositivo m\u00e9dico de classe IIa.<\/p>\n<div class=\"r\">\n<div class=\"s\"><strong><span class=\"a\">Apresenta\u00e7\u00e3o:\u00a0<\/span><\/strong><span class=\"b\">Frasco de 3 ml<\/span><\/div>\n<\/div>\n<div class=\"r\">\n<div class=\"s\"><strong><span class=\"a\">CNP: <\/span><\/strong><span class=\"b\">7769539<\/span><\/div>\n<\/div>\n<p>&nbsp;<\/p>\n<div style=\"width: 800px;\" class=\"wp-video\"><video class=\"wp-video-shortcode\" id=\"video-904-1\" width=\"800\" height=\"451\" preload=\"metadata\" controls=\"controls\"><source type=\"video\/mp4\" src=\"https:\/\/csportugal.pt\/new\/wp-content\/uploads\/2024\/04\/video-molutrex-pt-1.mp4?_=1\" \/><a href=\"https:\/\/csportugal.pt\/new\/wp-content\/uploads\/2024\/04\/video-molutrex-pt-1.mp4\">https:\/\/csportugal.pt\/new\/wp-content\/uploads\/2024\/04\/video-molutrex-pt-1.mp4<\/a><\/video><\/div>\n<div class=\"r\">\n<div><\/div>\n<\/div>\n<div class=\"r\">\n<div class=\"s\"><\/div>\n<\/div>\n","protected":false},"excerpt":{"rendered":"<p>Molutrex \u00e9 uma solu\u00e7\u00e3o de hidr\u00f3xido de pot\u00e1ssio 5%, eficaz e de utiliza\u00e7\u00e3o simples no tratamento do\u00a0Molluscum contagiosum\u00a0(MC). Molutrex \u00e9 um dispositivo m\u00e9dico de classe IIa. Apresenta\u00e7\u00e3o:\u00a0Frasco de 3 ml CNP: 7769539 &nbsp;<\/p>\n","protected":false},"featured_media":909,"comment_status":"open","ping_status":"closed","template":"","meta":{"_acf_changed":false,"_monsterinsights_skip_tracking":false,"_monsterinsights_sitenote_active":false,"_monsterinsights_sitenote_note":"","_monsterinsights_sitenote_category":0},"product_brand":[],"product_cat":[41],"product_tag":[],"class_list":{"0":"post-904","1":"product","2":"type-product","3":"status-publish","4":"has-post-thumbnail","6":"product_cat-dispositivos-medicos","8":"first","9":"instock","10":"taxable","11":"shipping-taxable","12":"product-type-simple"},"acf":[],"_links":{"self":[{"href":"https:\/\/csportugal.pt\/index.php?rest_route=\/wp\/v2\/product\/904","targetHints":{"allow":["GET"]}}],"collection":[{"href":"https:\/\/csportugal.pt\/index.php?rest_route=\/wp\/v2\/product"}],"about":[{"href":"https:\/\/csportugal.pt\/index.php?rest_route=\/wp\/v2\/types\/product"}],"replies":[{"embeddable":true,"href":"https:\/\/csportugal.pt\/index.php?rest_route=%2Fwp%2Fv2%2Fcomments&post=904"}],"wp:featuredmedia":[{"embeddable":true,"href":"https:\/\/csportugal.pt\/index.php?rest_route=\/wp\/v2\/media\/909"}],"wp:attachment":[{"href":"https:\/\/csportugal.pt\/index.php?rest_route=%2Fwp%2Fv2%2Fmedia&parent=904"}],"wp:term":[{"taxonomy":"product_brand","embeddable":true,"href":"https:\/\/csportugal.pt\/index.php?rest_route=%2Fwp%2Fv2%2Fproduct_brand&post=904"},{"taxonomy":"product_cat","embeddable":true,"href":"https:\/\/csportugal.pt\/index.php?rest_route=%2Fwp%2Fv2%2Fproduct_cat&post=904"},{"taxonomy":"product_tag","embeddable":true,"href":"https:\/\/csportugal.pt\/index.php?rest_route=%2Fwp%2Fv2%2Fproduct_tag&post=904"}],"curies":[{"name":"wp","href":"https:\/\/api.w.org\/{rel}","templated":true}]}}