{"id":592,"date":"2024-03-22T17:05:37","date_gmt":"2024-03-22T17:05:37","guid":{"rendered":"https:\/\/sitestriplem.online\/?post_type=product&#038;p=592"},"modified":"2026-02-12T16:14:25","modified_gmt":"2026-02-12T16:14:25","slug":"novophane-ds","status":"publish","type":"product","link":"https:\/\/csportugal.pt\/?product=novophane-ds","title":{"rendered":"Novophane DS"},"content":{"rendered":"<p><strong>Caspa moderada<\/strong><br \/>\n(escamas secas e oleosas)<br \/>\nRemove placas escamosas, suaviza o prurido e a vermelhid\u00e3o<\/p>\n<p>&nbsp;<\/p>\n<p><strong>A\u00e7\u00e3o anti-f\u00fangica<\/strong><br \/>\nCombate a prolifera\u00e7\u00e3o de leveduras Malassezia e previne o seu reaparecimento<\/p>\n<p><strong>A\u00e7\u00e3o queratol\u00edtica<\/strong><br \/>\nRemove placas escamosas<\/p>\n<p><strong>A\u00e7\u00e3o suavizante e de limpeza<\/strong><br \/>\nLimpa suavemente sem atacar ou secar o couro cabeludo e suaviza o prurido e a irrita\u00e7\u00e3o<br \/>\nFacilita o pentear e deixa o cabelo mais flex\u00edvel e brilhante<\/p>\n<p>Apresenta\u00e7\u00e3o: Frasco de 125 ml<br \/>\nCNP: 7271379<\/p>\n","protected":false},"excerpt":{"rendered":"<p>Caspa moderada (escamas secas e oleosas) Remove placas escamosas, suaviza o prurido e a vermelhid\u00e3o &nbsp; A\u00e7\u00e3o anti-f\u00fangica Combate a prolifera\u00e7\u00e3o de leveduras Malassezia e previne o seu reaparecimento A\u00e7\u00e3o queratol\u00edtica Remove placas escamosas A\u00e7\u00e3o suavizante e de limpeza Limpa suavemente sem atacar ou secar o couro cabeludo e suaviza o prurido e a irrita\u00e7\u00e3o [&hellip;]<\/p>\n","protected":false},"featured_media":1314,"comment_status":"open","ping_status":"closed","template":"","meta":{"_acf_changed":false,"_monsterinsights_skip_tracking":false,"_monsterinsights_sitenote_active":false,"_monsterinsights_sitenote_note":"","_monsterinsights_sitenote_category":0},"product_brand":[],"product_cat":[38,31],"product_tag":[],"class_list":{"0":"post-592","1":"product","2":"type-product","3":"status-publish","4":"has-post-thumbnail","6":"product_cat-cabelo-e-unhas","7":"product_cat-dermocosmetica","9":"first","10":"instock","11":"taxable","12":"shipping-taxable","13":"purchasable","14":"product-type-simple"},"acf":[],"_links":{"self":[{"href":"https:\/\/csportugal.pt\/index.php?rest_route=\/wp\/v2\/product\/592","targetHints":{"allow":["GET"]}}],"collection":[{"href":"https:\/\/csportugal.pt\/index.php?rest_route=\/wp\/v2\/product"}],"about":[{"href":"https:\/\/csportugal.pt\/index.php?rest_route=\/wp\/v2\/types\/product"}],"replies":[{"embeddable":true,"href":"https:\/\/csportugal.pt\/index.php?rest_route=%2Fwp%2Fv2%2Fcomments&post=592"}],"wp:featuredmedia":[{"embeddable":true,"href":"https:\/\/csportugal.pt\/index.php?rest_route=\/wp\/v2\/media\/1314"}],"wp:attachment":[{"href":"https:\/\/csportugal.pt\/index.php?rest_route=%2Fwp%2Fv2%2Fmedia&parent=592"}],"wp:term":[{"taxonomy":"product_brand","embeddable":true,"href":"https:\/\/csportugal.pt\/index.php?rest_route=%2Fwp%2Fv2%2Fproduct_brand&post=592"},{"taxonomy":"product_cat","embeddable":true,"href":"https:\/\/csportugal.pt\/index.php?rest_route=%2Fwp%2Fv2%2Fproduct_cat&post=592"},{"taxonomy":"product_tag","embeddable":true,"href":"https:\/\/csportugal.pt\/index.php?rest_route=%2Fwp%2Fv2%2Fproduct_tag&post=592"}],"curies":[{"name":"wp","href":"https:\/\/api.w.org\/{rel}","templated":true}]}}