{"id":1759,"date":"2026-01-31T13:46:52","date_gmt":"2026-01-31T13:46:52","guid":{"rendered":"https:\/\/csportugal.pt\/?post_type=product&#038;p=1759"},"modified":"2026-02-12T16:18:21","modified_gmt":"2026-02-12T16:18:21","slug":"sensitelial-ad-oleo-lavante","status":"publish","type":"product","link":"https:\/\/csportugal.pt\/?product=sensitelial-ad-oleo-lavante","title":{"rendered":"Sensit\u00e9lial.AD \u00d3leo lavante"},"content":{"rendered":"<p>SENSIT\u00c9LIAL.AD \u00d3leo Lavante \u00e9 um produto de higiene suave para o rosto e corpo, especialmente formulado para a pele seca, sens\u00edvel ou fragilizada e com tend\u00eancia at\u00f3pica.<\/p>\n<p>A sua base lavante sem sab\u00e3o limpa delicadamente, preservando o filme hidrolip\u00eddico e respeitando o pH fisiol\u00f3gico da pele. Ajuda a reduzir a sensa\u00e7\u00e3o de secura e desconforto associada \u00e0 lavagem, deixando a pele limpa, macia e protegida, sem sensa\u00e7\u00e3o de repuxamento.<\/p>\n<p>&nbsp;<\/p>\n<div class=\"r\">\n<div class=\"s\"><strong><strong><span class=\"a\">APRESENTA\u00c7\u00c3O: <\/span><\/strong><\/strong>Frasco doseador de 500 ml<\/div>\n<\/div>\n<div class=\"r\">\n<div class=\"s\"><span class=\"a\"><span class=\"a\"><span class=\"a\"><strong>CNP: <\/strong><\/span><\/span><\/span>7600619<\/div>\n<\/div>\n","protected":false},"excerpt":{"rendered":"<p>SENSIT\u00c9LIAL.AD \u00d3leo Lavante \u00e9 um produto de higiene suave para o rosto e corpo, especialmente formulado para a pele seca, sens\u00edvel ou fragilizada e com tend\u00eancia at\u00f3pica. A sua base lavante sem sab\u00e3o limpa delicadamente, preservando o filme hidrolip\u00eddico e respeitando o pH fisiol\u00f3gico da pele. Ajuda a reduzir a sensa\u00e7\u00e3o de secura e desconforto [&hellip;]<\/p>\n","protected":false},"featured_media":1757,"comment_status":"open","ping_status":"closed","template":"","meta":{"_acf_changed":false,"_monsterinsights_skip_tracking":false,"_monsterinsights_sitenote_active":false,"_monsterinsights_sitenote_note":"","_monsterinsights_sitenote_category":0},"product_brand":[],"product_cat":[58],"product_tag":[],"class_list":{"0":"post-1759","1":"product","2":"type-product","3":"status-publish","4":"has-post-thumbnail","6":"product_cat-dermatite-atopica","8":"first","9":"instock","10":"taxable","11":"shipping-taxable","12":"purchasable","13":"product-type-simple"},"acf":[],"_links":{"self":[{"href":"https:\/\/csportugal.pt\/index.php?rest_route=\/wp\/v2\/product\/1759","targetHints":{"allow":["GET"]}}],"collection":[{"href":"https:\/\/csportugal.pt\/index.php?rest_route=\/wp\/v2\/product"}],"about":[{"href":"https:\/\/csportugal.pt\/index.php?rest_route=\/wp\/v2\/types\/product"}],"replies":[{"embeddable":true,"href":"https:\/\/csportugal.pt\/index.php?rest_route=%2Fwp%2Fv2%2Fcomments&post=1759"}],"wp:featuredmedia":[{"embeddable":true,"href":"https:\/\/csportugal.pt\/index.php?rest_route=\/wp\/v2\/media\/1757"}],"wp:attachment":[{"href":"https:\/\/csportugal.pt\/index.php?rest_route=%2Fwp%2Fv2%2Fmedia&parent=1759"}],"wp:term":[{"taxonomy":"product_brand","embeddable":true,"href":"https:\/\/csportugal.pt\/index.php?rest_route=%2Fwp%2Fv2%2Fproduct_brand&post=1759"},{"taxonomy":"product_cat","embeddable":true,"href":"https:\/\/csportugal.pt\/index.php?rest_route=%2Fwp%2Fv2%2Fproduct_cat&post=1759"},{"taxonomy":"product_tag","embeddable":true,"href":"https:\/\/csportugal.pt\/index.php?rest_route=%2Fwp%2Fv2%2Fproduct_tag&post=1759"}],"curies":[{"name":"wp","href":"https:\/\/api.w.org\/{rel}","templated":true}]}}