{"id":1758,"date":"2026-01-31T13:45:26","date_gmt":"2026-01-31T13:45:26","guid":{"rendered":"https:\/\/csportugal.pt\/?post_type=product&#038;p=1758"},"modified":"2026-02-12T16:18:45","modified_gmt":"2026-02-12T16:18:45","slug":"sensitelial-ad-creme","status":"publish","type":"product","link":"https:\/\/csportugal.pt\/?product=sensitelial-ad-creme","title":{"rendered":"Sensit\u00e9lial.AD Creme"},"content":{"rendered":"<p>SENSIT\u00c9LIAL.AD Creme \u00e9 um creme hidratante e nutritivo desenvolvido para a pele seca, sens\u00edvel e fragilizada, com tend\u00eancia at\u00f3pica, incluindo pele sujeita a agress\u00f5es externas ou tratamentos dermatol\u00f3gicos.<\/p>\n<p>A sua f\u00f3rmula ajuda a restaurar a barreira cut\u00e2nea, proporcionando hidrata\u00e7\u00e3o duradoura, conforto imediato e redu\u00e7\u00e3o da sensa\u00e7\u00e3o de repuxamento. Respeita a fisiologia da pele, ajudando a proteger o filme hidrolip\u00eddico e a manter o equil\u00edbrio cut\u00e2neo, sem agredir nem causar irrita\u00e7\u00e3o.<\/p>\n<p>&nbsp;<\/p>\n<div class=\"r\">\n<div class=\"s\"><strong><strong><span class=\"a\">APRESENTA\u00c7\u00c3O: <\/span><\/strong><\/strong>Frasco doseador de 500 ml<\/div>\n<\/div>\n<div class=\"r\">\n<div class=\"s\"><span class=\"a\"><span class=\"a\"><strong>CNP: <\/strong><\/span><\/span>7600593<\/div>\n<\/div>\n","protected":false},"excerpt":{"rendered":"<p>SENSIT\u00c9LIAL.AD Creme \u00e9 um creme hidratante e nutritivo desenvolvido para a pele seca, sens\u00edvel e fragilizada, com tend\u00eancia at\u00f3pica, incluindo pele sujeita a agress\u00f5es externas ou tratamentos dermatol\u00f3gicos. A sua f\u00f3rmula ajuda a restaurar a barreira cut\u00e2nea, proporcionando hidrata\u00e7\u00e3o duradoura, conforto imediato e redu\u00e7\u00e3o da sensa\u00e7\u00e3o de repuxamento. Respeita a fisiologia da pele, ajudando a [&hellip;]<\/p>\n","protected":false},"featured_media":1756,"comment_status":"open","ping_status":"closed","template":"","meta":{"_acf_changed":false,"_monsterinsights_skip_tracking":false,"_monsterinsights_sitenote_active":false,"_monsterinsights_sitenote_note":"","_monsterinsights_sitenote_category":0},"product_brand":[],"product_cat":[58],"product_tag":[],"class_list":{"0":"post-1758","1":"product","2":"type-product","3":"status-publish","4":"has-post-thumbnail","6":"product_cat-dermatite-atopica","8":"first","9":"instock","10":"taxable","11":"shipping-taxable","12":"purchasable","13":"product-type-simple"},"acf":[],"_links":{"self":[{"href":"https:\/\/csportugal.pt\/index.php?rest_route=\/wp\/v2\/product\/1758","targetHints":{"allow":["GET"]}}],"collection":[{"href":"https:\/\/csportugal.pt\/index.php?rest_route=\/wp\/v2\/product"}],"about":[{"href":"https:\/\/csportugal.pt\/index.php?rest_route=\/wp\/v2\/types\/product"}],"replies":[{"embeddable":true,"href":"https:\/\/csportugal.pt\/index.php?rest_route=%2Fwp%2Fv2%2Fcomments&post=1758"}],"wp:featuredmedia":[{"embeddable":true,"href":"https:\/\/csportugal.pt\/index.php?rest_route=\/wp\/v2\/media\/1756"}],"wp:attachment":[{"href":"https:\/\/csportugal.pt\/index.php?rest_route=%2Fwp%2Fv2%2Fmedia&parent=1758"}],"wp:term":[{"taxonomy":"product_brand","embeddable":true,"href":"https:\/\/csportugal.pt\/index.php?rest_route=%2Fwp%2Fv2%2Fproduct_brand&post=1758"},{"taxonomy":"product_cat","embeddable":true,"href":"https:\/\/csportugal.pt\/index.php?rest_route=%2Fwp%2Fv2%2Fproduct_cat&post=1758"},{"taxonomy":"product_tag","embeddable":true,"href":"https:\/\/csportugal.pt\/index.php?rest_route=%2Fwp%2Fv2%2Fproduct_tag&post=1758"}],"curies":[{"name":"wp","href":"https:\/\/api.w.org\/{rel}","templated":true}]}}