{"id":1747,"date":"2026-01-31T13:07:08","date_gmt":"2026-01-31T13:07:08","guid":{"rendered":"https:\/\/csportugal.pt\/?post_type=product&#038;p=1747"},"modified":"2026-02-12T16:17:27","modified_gmt":"2026-02-12T16:17:27","slug":"sebionex-k-creme-quetorregulador","status":"publish","type":"product","link":"https:\/\/csportugal.pt\/?product=sebionex-k-creme-quetorregulador","title":{"rendered":"S\u00e9bionex K Creme Quetorregulador"},"content":{"rendered":"<p>S\u00c9BIONEX K Creme Queratorregulador \u00e9 um tratamento eficaz e completo para a acne, indicado tanto em monoterapia para acne retencional quanto como complemento em tratamentos convencionais para acne polim\u00f3rfica. Tem uma a\u00e7\u00e3o queratorreguladora progressiva, promovendo uma esfolia\u00e7\u00e3o suave e eficaz, que ajuda a desobstruir os poros e a prevenir o aparecimento de novas imperfei\u00e7\u00f5es.<\/p>\n<p>A sua a\u00e7\u00e3o seborreguladora contribui para o controlo da oleosidade. Al\u00e9m disso, possui um agente matificante que absorve o excesso de sebo e controla o brilho da pele oleosa ao longo do dia, deixando a pele com um aspeto mais seco e confort\u00e1vel.<\/p>\n<p>S\u00c9BIONEX K Creme Queratorregulador tem, tamb\u00e9m, a\u00e7\u00e3o hidratante e suavizante, atenuando a inflama\u00e7\u00e3o causada pela acne, al\u00e9m de reduzir a irrita\u00e7\u00e3o provocada por tratamentos convencionais.<\/p>\n<p>&nbsp;<\/p>\n<div class=\"r\">\n<div class=\"s\"><strong><span class=\"a\">APRESENTA\u00c7\u00c3O:\u00a0<\/span><\/strong><span class=\"b\">Bisnaga de 40 ml<\/span><\/div>\n<\/div>\n<div class=\"r\">\n<div class=\"s\"><span class=\"a\"><strong>CNP:<\/strong> 7583690<\/span><\/div>\n<\/div>\n","protected":false},"excerpt":{"rendered":"<p>S\u00c9BIONEX K Creme Queratorregulador \u00e9 um tratamento eficaz e completo para a acne, indicado tanto em monoterapia para acne retencional quanto como complemento em tratamentos convencionais para acne polim\u00f3rfica. Tem uma a\u00e7\u00e3o queratorreguladora progressiva, promovendo uma esfolia\u00e7\u00e3o suave e eficaz, que ajuda a desobstruir os poros e a prevenir o aparecimento de novas imperfei\u00e7\u00f5es. A [&hellip;]<\/p>\n","protected":false},"featured_media":1743,"comment_status":"open","ping_status":"closed","template":"","meta":{"_acf_changed":false,"_monsterinsights_skip_tracking":false,"_monsterinsights_sitenote_active":false,"_monsterinsights_sitenote_note":"","_monsterinsights_sitenote_category":0},"product_brand":[],"product_cat":[42,56],"product_tag":[],"class_list":{"0":"post-1747","1":"product","2":"type-product","3":"status-publish","4":"has-post-thumbnail","6":"product_cat-acne","7":"product_cat-adolescentes","9":"first","10":"instock","11":"taxable","12":"shipping-taxable","13":"purchasable","14":"product-type-simple"},"acf":[],"_links":{"self":[{"href":"https:\/\/csportugal.pt\/index.php?rest_route=\/wp\/v2\/product\/1747","targetHints":{"allow":["GET"]}}],"collection":[{"href":"https:\/\/csportugal.pt\/index.php?rest_route=\/wp\/v2\/product"}],"about":[{"href":"https:\/\/csportugal.pt\/index.php?rest_route=\/wp\/v2\/types\/product"}],"replies":[{"embeddable":true,"href":"https:\/\/csportugal.pt\/index.php?rest_route=%2Fwp%2Fv2%2Fcomments&post=1747"}],"wp:featuredmedia":[{"embeddable":true,"href":"https:\/\/csportugal.pt\/index.php?rest_route=\/wp\/v2\/media\/1743"}],"wp:attachment":[{"href":"https:\/\/csportugal.pt\/index.php?rest_route=%2Fwp%2Fv2%2Fmedia&parent=1747"}],"wp:term":[{"taxonomy":"product_brand","embeddable":true,"href":"https:\/\/csportugal.pt\/index.php?rest_route=%2Fwp%2Fv2%2Fproduct_brand&post=1747"},{"taxonomy":"product_cat","embeddable":true,"href":"https:\/\/csportugal.pt\/index.php?rest_route=%2Fwp%2Fv2%2Fproduct_cat&post=1747"},{"taxonomy":"product_tag","embeddable":true,"href":"https:\/\/csportugal.pt\/index.php?rest_route=%2Fwp%2Fv2%2Fproduct_tag&post=1747"}],"curies":[{"name":"wp","href":"https:\/\/api.w.org\/{rel}","templated":true}]}}