{"id":1746,"date":"2026-01-31T13:04:27","date_gmt":"2026-01-31T13:04:27","guid":{"rendered":"https:\/\/csportugal.pt\/?post_type=product&#038;p=1746"},"modified":"2026-02-12T16:17:11","modified_gmt":"2026-02-12T16:17:11","slug":"sebionex-gel-solar-matificante-spf-50","status":"publish","type":"product","link":"https:\/\/csportugal.pt\/?product=sebionex-gel-solar-matificante-spf-50","title":{"rendered":"S\u00e9bionex Gel Solar Matificante SPF 50+"},"content":{"rendered":"<p>S\u00c9BIONEX Gel Solar Matificante SPF 50+ combina uma prote\u00e7\u00e3o UVA\/UVB elevada (SPF &gt; 60, UVA &gt; 30), o conforto de uma textura em gel e um efeito matificante de longa dura\u00e7\u00e3o, assegurando uma melhor ades\u00e3o ao produto, particularmente em adolescentes.<\/p>\n<p>&nbsp;<\/p>\n<div class=\"r\">\n<div class=\"s\"><strong><span class=\"a\">APRESENTA\u00c7\u00c3O:\u00a0<\/span><\/strong><span class=\"b\">Bisnaga de 40 ml<\/span><\/div>\n<\/div>\n<div class=\"r\">\n<div class=\"s\"><span class=\"a\"><strong>CNP:<\/strong> 7583674<\/span><\/div>\n<\/div>\n","protected":false},"excerpt":{"rendered":"<p>S\u00c9BIONEX Gel Solar Matificante SPF 50+ combina uma prote\u00e7\u00e3o UVA\/UVB elevada (SPF &gt; 60, UVA &gt; 30), o conforto de uma textura em gel e um efeito matificante de longa dura\u00e7\u00e3o, assegurando uma melhor ades\u00e3o ao produto, particularmente em adolescentes. &nbsp; APRESENTA\u00c7\u00c3O:\u00a0Bisnaga de 40 ml CNP: 7583674<\/p>\n","protected":false},"featured_media":1742,"comment_status":"open","ping_status":"closed","template":"","meta":{"_acf_changed":false,"_monsterinsights_skip_tracking":false,"_monsterinsights_sitenote_active":false,"_monsterinsights_sitenote_note":"","_monsterinsights_sitenote_category":0},"product_brand":[],"product_cat":[42,56],"product_tag":[],"class_list":{"0":"post-1746","1":"product","2":"type-product","3":"status-publish","4":"has-post-thumbnail","6":"product_cat-acne","7":"product_cat-adolescentes","9":"first","10":"instock","11":"taxable","12":"shipping-taxable","13":"purchasable","14":"product-type-simple"},"acf":[],"_links":{"self":[{"href":"https:\/\/csportugal.pt\/index.php?rest_route=\/wp\/v2\/product\/1746","targetHints":{"allow":["GET"]}}],"collection":[{"href":"https:\/\/csportugal.pt\/index.php?rest_route=\/wp\/v2\/product"}],"about":[{"href":"https:\/\/csportugal.pt\/index.php?rest_route=\/wp\/v2\/types\/product"}],"replies":[{"embeddable":true,"href":"https:\/\/csportugal.pt\/index.php?rest_route=%2Fwp%2Fv2%2Fcomments&post=1746"}],"wp:featuredmedia":[{"embeddable":true,"href":"https:\/\/csportugal.pt\/index.php?rest_route=\/wp\/v2\/media\/1742"}],"wp:attachment":[{"href":"https:\/\/csportugal.pt\/index.php?rest_route=%2Fwp%2Fv2%2Fmedia&parent=1746"}],"wp:term":[{"taxonomy":"product_brand","embeddable":true,"href":"https:\/\/csportugal.pt\/index.php?rest_route=%2Fwp%2Fv2%2Fproduct_brand&post=1746"},{"taxonomy":"product_cat","embeddable":true,"href":"https:\/\/csportugal.pt\/index.php?rest_route=%2Fwp%2Fv2%2Fproduct_cat&post=1746"},{"taxonomy":"product_tag","embeddable":true,"href":"https:\/\/csportugal.pt\/index.php?rest_route=%2Fwp%2Fv2%2Fproduct_tag&post=1746"}],"curies":[{"name":"wp","href":"https:\/\/api.w.org\/{rel}","templated":true}]}}