{"id":1740,"date":"2026-01-30T09:44:55","date_gmt":"2026-01-30T09:44:55","guid":{"rendered":"https:\/\/csportugal.pt\/?post_type=product&#038;p=1740"},"modified":"2026-02-12T16:16:59","modified_gmt":"2026-02-12T16:16:59","slug":"sebionex-gel-de-limpeza","status":"publish","type":"product","link":"https:\/\/csportugal.pt\/?product=sebionex-gel-de-limpeza","title":{"rendered":"S\u00e9bionex Gel de Limpeza"},"content":{"rendered":"<p>O S\u00c9BIONEX Gel de Limpeza \u00e9 um gel desenvolvido para a higiene do rosto e do corpo, formulado para limpar suavemente e em profundidade, sem secar ou agredir a pele.<\/p>\n<p>Tem uma combina\u00e7\u00e3o de bases lavantes suaves e sem sab\u00e3o que limitam a seborreia reacional, respeitando o pH da pele e o filme hidrol\u00edpidico.<\/p>\n<p>&nbsp;<\/p>\n<div class=\"r\">\n<div class=\"s\"><strong><span class=\"a\">APRESENTA\u00c7\u00c3O:\u00a0<\/span><\/strong><span class=\"b\">Frasco doseador de 200 ml<\/span><\/div>\n<\/div>\n<div class=\"r\">\n<div class=\"s\"><span class=\"a\"><strong>CNP:<\/strong> 7583666<\/span><\/div>\n<\/div>\n","protected":false},"excerpt":{"rendered":"<p>O S\u00c9BIONEX Gel de Limpeza \u00e9 um gel desenvolvido para a higiene do rosto e do corpo, formulado para limpar suavemente e em profundidade, sem secar ou agredir a pele. Tem uma combina\u00e7\u00e3o de bases lavantes suaves e sem sab\u00e3o que limitam a seborreia reacional, respeitando o pH da pele e o filme hidrol\u00edpidico. &nbsp; [&hellip;]<\/p>\n","protected":false},"featured_media":1741,"comment_status":"open","ping_status":"closed","template":"","meta":{"_acf_changed":false,"_monsterinsights_skip_tracking":false,"_monsterinsights_sitenote_active":false,"_monsterinsights_sitenote_note":"","_monsterinsights_sitenote_category":0},"product_brand":[],"product_cat":[42,56],"product_tag":[],"class_list":{"0":"post-1740","1":"product","2":"type-product","3":"status-publish","4":"has-post-thumbnail","6":"product_cat-acne","7":"product_cat-adolescentes","9":"first","10":"instock","11":"taxable","12":"shipping-taxable","13":"purchasable","14":"product-type-simple"},"acf":[],"_links":{"self":[{"href":"https:\/\/csportugal.pt\/index.php?rest_route=\/wp\/v2\/product\/1740","targetHints":{"allow":["GET"]}}],"collection":[{"href":"https:\/\/csportugal.pt\/index.php?rest_route=\/wp\/v2\/product"}],"about":[{"href":"https:\/\/csportugal.pt\/index.php?rest_route=\/wp\/v2\/types\/product"}],"replies":[{"embeddable":true,"href":"https:\/\/csportugal.pt\/index.php?rest_route=%2Fwp%2Fv2%2Fcomments&post=1740"}],"wp:featuredmedia":[{"embeddable":true,"href":"https:\/\/csportugal.pt\/index.php?rest_route=\/wp\/v2\/media\/1741"}],"wp:attachment":[{"href":"https:\/\/csportugal.pt\/index.php?rest_route=%2Fwp%2Fv2%2Fmedia&parent=1740"}],"wp:term":[{"taxonomy":"product_brand","embeddable":true,"href":"https:\/\/csportugal.pt\/index.php?rest_route=%2Fwp%2Fv2%2Fproduct_brand&post=1740"},{"taxonomy":"product_cat","embeddable":true,"href":"https:\/\/csportugal.pt\/index.php?rest_route=%2Fwp%2Fv2%2Fproduct_cat&post=1740"},{"taxonomy":"product_tag","embeddable":true,"href":"https:\/\/csportugal.pt\/index.php?rest_route=%2Fwp%2Fv2%2Fproduct_tag&post=1740"}],"curies":[{"name":"wp","href":"https:\/\/api.w.org\/{rel}","templated":true}]}}