{"id":1679,"date":"2025-05-26T21:08:04","date_gmt":"2025-05-26T21:08:04","guid":{"rendered":"https:\/\/csportugal.pt\/?post_type=product&#038;p=1679"},"modified":"2026-02-12T16:16:04","modified_gmt":"2026-02-12T16:16:04","slug":"novophane-champo-suave","status":"publish","type":"product","link":"https:\/\/csportugal.pt\/?product=novophane-champo-suave","title":{"rendered":"Novophane Champ\u00f4 Suave"},"content":{"rendered":"<p>Champ\u00f4 de toler\u00e2ncia elevada adequado para toda a fam\u00edlia, incluindo rec\u00e9m-nascidos. Indicado para todos os tipos de cabelo, em adultos, crian\u00e7as e beb\u00e9s. Novophane Champ\u00f4 Suave pode ser usado isolado ou como complemento de outros tratamentos, para couro cabeludo delicado.<\/p>\n<p>&nbsp;<\/p>\n<p><span class=\"a\"><strong>APRESENTA\u00c7\u00c3O:<\/strong>\u00a0<\/span><span class=\"b\">Frasco 500 ml<\/span><\/p>\n<div class=\"r\">\n<div class=\"s\"><span class=\"a\"><strong>CNP:<\/strong> 7552687<\/span><\/div>\n<\/div>\n","protected":false},"excerpt":{"rendered":"<p>Champ\u00f4 de toler\u00e2ncia elevada adequado para toda a fam\u00edlia, incluindo rec\u00e9m-nascidos. Indicado para todos os tipos de cabelo, em adultos, crian\u00e7as e beb\u00e9s. Novophane Champ\u00f4 Suave pode ser usado isolado ou como complemento de outros tratamentos, para couro cabeludo delicado. &nbsp; APRESENTA\u00c7\u00c3O:\u00a0Frasco 500 ml CNP: 7552687<\/p>\n","protected":false},"featured_media":1681,"comment_status":"open","ping_status":"closed","template":"","meta":{"_acf_changed":false,"_monsterinsights_skip_tracking":false,"_monsterinsights_sitenote_active":false,"_monsterinsights_sitenote_note":"","_monsterinsights_sitenote_category":0},"product_brand":[],"product_cat":[38],"product_tag":[],"class_list":{"0":"post-1679","1":"product","2":"type-product","3":"status-publish","4":"has-post-thumbnail","6":"product_cat-cabelo-e-unhas","8":"first","9":"instock","10":"taxable","11":"shipping-taxable","12":"purchasable","13":"product-type-simple"},"acf":[],"_links":{"self":[{"href":"https:\/\/csportugal.pt\/index.php?rest_route=\/wp\/v2\/product\/1679","targetHints":{"allow":["GET"]}}],"collection":[{"href":"https:\/\/csportugal.pt\/index.php?rest_route=\/wp\/v2\/product"}],"about":[{"href":"https:\/\/csportugal.pt\/index.php?rest_route=\/wp\/v2\/types\/product"}],"replies":[{"embeddable":true,"href":"https:\/\/csportugal.pt\/index.php?rest_route=%2Fwp%2Fv2%2Fcomments&post=1679"}],"wp:featuredmedia":[{"embeddable":true,"href":"https:\/\/csportugal.pt\/index.php?rest_route=\/wp\/v2\/media\/1681"}],"wp:attachment":[{"href":"https:\/\/csportugal.pt\/index.php?rest_route=%2Fwp%2Fv2%2Fmedia&parent=1679"}],"wp:term":[{"taxonomy":"product_brand","embeddable":true,"href":"https:\/\/csportugal.pt\/index.php?rest_route=%2Fwp%2Fv2%2Fproduct_brand&post=1679"},{"taxonomy":"product_cat","embeddable":true,"href":"https:\/\/csportugal.pt\/index.php?rest_route=%2Fwp%2Fv2%2Fproduct_cat&post=1679"},{"taxonomy":"product_tag","embeddable":true,"href":"https:\/\/csportugal.pt\/index.php?rest_route=%2Fwp%2Fv2%2Fproduct_tag&post=1679"}],"curies":[{"name":"wp","href":"https:\/\/api.w.org\/{rel}","templated":true}]}}