{"id":1583,"date":"2025-02-28T15:10:23","date_gmt":"2025-02-28T15:10:23","guid":{"rendered":"https:\/\/csportugal.pt\/new\/?post_type=product&#038;p=1583"},"modified":"2026-02-12T16:12:08","modified_gmt":"2026-02-12T16:12:08","slug":"depiwhite-brightening-espuma-de-limpeza","status":"publish","type":"product","link":"https:\/\/csportugal.pt\/?product=depiwhite-brightening-espuma-de-limpeza","title":{"rendered":"D\u00e9piwhite Brightening  Espuma de Limpeza"},"content":{"rendered":"<p>Limpa suavemente e remove a maquilhagem sem secar a pele, iluminando e uniformizando a tez, gra\u00e7as \u00e0 associa\u00e7\u00e3o da vitamina C com a vitamina PP.<\/p>\n<p>Formulada com 96% de ingredientes de origem natural, esta espuma \u00e9 rica e leve para uma excelente experi\u00eancia sensorial, deixando a pele limpa, suave e mais radiante, sem a sensa\u00e7\u00e3o de repuxamento.<\/p>\n<p>&nbsp;<\/p>\n<p><strong>Apresenta\u00e7\u00e3o:<\/strong> Frasco de 200 ml<\/p>\n<p><strong>CNP:<\/strong> 7541292<\/p>\n","protected":false},"excerpt":{"rendered":"<p>Limpa suavemente e remove a maquilhagem sem secar a pele, iluminando e uniformizando a tez, gra\u00e7as \u00e0 associa\u00e7\u00e3o da vitamina C com a vitamina PP. Formulada com 96% de ingredientes de origem natural, esta espuma \u00e9 rica e leve para uma excelente experi\u00eancia sensorial, deixando a pele limpa, suave e mais radiante, sem a sensa\u00e7\u00e3o [&hellip;]<\/p>\n","protected":false},"featured_media":1584,"comment_status":"open","ping_status":"closed","template":"","meta":{"_acf_changed":false,"_monsterinsights_skip_tracking":false,"_monsterinsights_sitenote_active":false,"_monsterinsights_sitenote_note":"","_monsterinsights_sitenote_category":0},"product_brand":[],"product_cat":[39],"product_tag":[],"class_list":{"0":"post-1583","1":"product","2":"type-product","3":"status-publish","4":"has-post-thumbnail","6":"product_cat-hiperpigmentacao","8":"first","9":"instock","10":"taxable","11":"shipping-taxable","12":"purchasable","13":"product-type-simple"},"acf":[],"_links":{"self":[{"href":"https:\/\/csportugal.pt\/index.php?rest_route=\/wp\/v2\/product\/1583","targetHints":{"allow":["GET"]}}],"collection":[{"href":"https:\/\/csportugal.pt\/index.php?rest_route=\/wp\/v2\/product"}],"about":[{"href":"https:\/\/csportugal.pt\/index.php?rest_route=\/wp\/v2\/types\/product"}],"replies":[{"embeddable":true,"href":"https:\/\/csportugal.pt\/index.php?rest_route=%2Fwp%2Fv2%2Fcomments&post=1583"}],"wp:featuredmedia":[{"embeddable":true,"href":"https:\/\/csportugal.pt\/index.php?rest_route=\/wp\/v2\/media\/1584"}],"wp:attachment":[{"href":"https:\/\/csportugal.pt\/index.php?rest_route=%2Fwp%2Fv2%2Fmedia&parent=1583"}],"wp:term":[{"taxonomy":"product_brand","embeddable":true,"href":"https:\/\/csportugal.pt\/index.php?rest_route=%2Fwp%2Fv2%2Fproduct_brand&post=1583"},{"taxonomy":"product_cat","embeddable":true,"href":"https:\/\/csportugal.pt\/index.php?rest_route=%2Fwp%2Fv2%2Fproduct_cat&post=1583"},{"taxonomy":"product_tag","embeddable":true,"href":"https:\/\/csportugal.pt\/index.php?rest_route=%2Fwp%2Fv2%2Fproduct_tag&post=1583"}],"curies":[{"name":"wp","href":"https:\/\/api.w.org\/{rel}","templated":true}]}}