{"id":1480,"date":"2025-01-20T11:08:59","date_gmt":"2025-01-20T11:08:59","guid":{"rendered":"https:\/\/csportugal.pt\/new\/?post_type=product&#038;p=1480"},"modified":"2026-02-12T16:16:49","modified_gmt":"2026-02-12T16:16:49","slug":"rosakalm-agua-micelar","status":"publish","type":"product","link":"https:\/\/csportugal.pt\/?product=rosakalm-agua-micelar","title":{"rendered":"Rosakalm \u00c1gua Micelar"},"content":{"rendered":"<p>A gama\u00a0<span class=\"il\">Rosakalm<\/span>\u00a0acalma e protege a pele sens\u00edvel e reativa<u><\/u><u><\/u><\/p>\n<p>Os produtos foram formulados para satisfazer as necessidades espec\u00edficas da pele sens\u00edvel e suscet\u00edvel \u00e0 vermelhid\u00e3o.<u><\/u><u><\/u><\/p>\n<p><span class=\"il\">Rosakalm<\/span>\u00a0\u00e9 uma linha desenvolvida para combater a hipersensibilidade e melhorar a toler\u00e2ncia da pele. Os produtos de cuidado da pele foram desenvolvidos especificamente para diminuir a vermelhid\u00e3o, aliviar de forma imediata e duradoura o desconforto, proporcionando prote\u00e7\u00e3o di\u00e1ria e limpando suavemente a pele.<\/p>\n<p>&nbsp;<\/p>\n<p><strong>Apresenta\u00e7\u00e3o:<\/strong> Frasco 250 ml<\/p>\n<p><strong>CNP: <\/strong>7499905<\/p>\n","protected":false},"excerpt":{"rendered":"<p>A gama\u00a0Rosakalm\u00a0acalma e protege a pele sens\u00edvel e reativa Os produtos foram formulados para satisfazer as necessidades espec\u00edficas da pele sens\u00edvel e suscet\u00edvel \u00e0 vermelhid\u00e3o. Rosakalm\u00a0\u00e9 uma linha desenvolvida para combater a hipersensibilidade e melhorar a toler\u00e2ncia da pele. Os produtos de cuidado da pele foram desenvolvidos especificamente para diminuir a vermelhid\u00e3o, aliviar de forma [&hellip;]<\/p>\n","protected":false},"featured_media":1479,"comment_status":"open","ping_status":"closed","template":"","meta":{"_acf_changed":false,"_monsterinsights_skip_tracking":false,"_monsterinsights_sitenote_active":false,"_monsterinsights_sitenote_note":"","_monsterinsights_sitenote_category":0},"product_brand":[],"product_cat":[53],"product_tag":[],"class_list":{"0":"post-1480","1":"product","2":"type-product","3":"status-publish","4":"has-post-thumbnail","6":"product_cat-rosacea","8":"first","9":"instock","10":"taxable","11":"shipping-taxable","12":"purchasable","13":"product-type-simple"},"acf":[],"_links":{"self":[{"href":"https:\/\/csportugal.pt\/index.php?rest_route=\/wp\/v2\/product\/1480","targetHints":{"allow":["GET"]}}],"collection":[{"href":"https:\/\/csportugal.pt\/index.php?rest_route=\/wp\/v2\/product"}],"about":[{"href":"https:\/\/csportugal.pt\/index.php?rest_route=\/wp\/v2\/types\/product"}],"replies":[{"embeddable":true,"href":"https:\/\/csportugal.pt\/index.php?rest_route=%2Fwp%2Fv2%2Fcomments&post=1480"}],"wp:featuredmedia":[{"embeddable":true,"href":"https:\/\/csportugal.pt\/index.php?rest_route=\/wp\/v2\/media\/1479"}],"wp:attachment":[{"href":"https:\/\/csportugal.pt\/index.php?rest_route=%2Fwp%2Fv2%2Fmedia&parent=1480"}],"wp:term":[{"taxonomy":"product_brand","embeddable":true,"href":"https:\/\/csportugal.pt\/index.php?rest_route=%2Fwp%2Fv2%2Fproduct_brand&post=1480"},{"taxonomy":"product_cat","embeddable":true,"href":"https:\/\/csportugal.pt\/index.php?rest_route=%2Fwp%2Fv2%2Fproduct_cat&post=1480"},{"taxonomy":"product_tag","embeddable":true,"href":"https:\/\/csportugal.pt\/index.php?rest_route=%2Fwp%2Fv2%2Fproduct_tag&post=1480"}],"curies":[{"name":"wp","href":"https:\/\/api.w.org\/{rel}","templated":true}]}}