{"id":1320,"date":"2024-10-14T09:59:56","date_gmt":"2024-10-14T09:59:56","guid":{"rendered":"https:\/\/sitestriplem.online\/?post_type=product&#038;p=1320"},"modified":"2026-02-12T16:13:11","modified_gmt":"2026-02-12T16:13:11","slug":"novophane-capsulas-60","status":"publish","type":"product","link":"https:\/\/csportugal.pt\/?product=novophane-capsulas-60","title":{"rendered":"Novophane C\u00e1psulas 60"},"content":{"rendered":"<div class=\"p content\">\n<p><strong>Cuidado dos cabelos e unhas<\/strong><\/p>\n<p>Novophane C\u00e1psulas \u00e9 um suplemento alimentar, que atua no fortalecimento dos cabelos e das unhas dando for\u00e7a e vigor.<\/p>\n<p>Queda de cabelo tempor\u00e1ria ou sazonal, cabelo danificado, fragilizado, sens\u00edvel, unhas fr\u00e1geis ou quebradi\u00e7as, Novophane C\u00e1psulas tem uma f\u00f3rmula completa com amino\u00e1cidos, vitaminas, vest\u00edgios de oligoelementos e silicone \u00e0 base de plantas para manter o cabelo e as unhas saud\u00e1veis e mais resistentes. Na sua composi\u00e7\u00e3o destacam-se:<\/p>\n<ul>\n<li>Um complexo cistina-metionina equivalente a 200 mg + 200 mg por toma, que corresponde \u00e0 dose di\u00e1ria recomendada;<\/li>\n<li>A Vitamina B6 que assegura a boa assimila\u00e7\u00e3o deste complexo;<\/li>\n<li>A Biotina e o Zinco que contribuem para a manuten\u00e7\u00e3o da beleza do cabelo;<\/li>\n<li>O Zinco que contribui para a manuten\u00e7\u00e3o da beleza das unhas;<\/li>\n<li>Grupo de Vitaminas B2 e B5, al\u00e9m do Zinco, que favorecem a forma\u00e7\u00e3o de queratina;<\/li>\n<li>O Cobre que contribui para a pigmenta\u00e7\u00e3o normal do cabelo;<\/li>\n<li>O Ferro cuja boa assimila\u00e7\u00e3o tem o contributo da Vitamina C;<\/li>\n<li>O Magn\u00e9sio que associado \u00e0 Vitamina E compensa os efeitos negativos do stress.<\/li>\n<\/ul>\n<p>C\u00e1psulas transparentes sem di\u00f3xido de tit\u00e2nio.<\/p>\n<p>&nbsp;<\/p>\n<\/div>\n<div class=\"q\">\n<div class=\"r\">\n<div class=\"s\"><span class=\"a\"><strong>APRESENTA\u00c7\u00c3O:<\/strong> <\/span><span class=\"b\">Embalagem com 60 c\u00e1psulas<\/span><\/div>\n<\/div>\n<div class=\"r\">\n<div class=\"s\"><span class=\"a\"><strong>CNP:<\/strong> 7354803<\/span><\/div>\n<\/div>\n<\/div>\n","protected":false},"excerpt":{"rendered":"<p>Cuidado dos cabelos e unhas Novophane C\u00e1psulas \u00e9 um suplemento alimentar, que atua no fortalecimento dos cabelos e das unhas dando for\u00e7a e vigor. Queda de cabelo tempor\u00e1ria ou sazonal, cabelo danificado, fragilizado, sens\u00edvel, unhas fr\u00e1geis ou quebradi\u00e7as, Novophane C\u00e1psulas tem uma f\u00f3rmula completa com amino\u00e1cidos, vitaminas, vest\u00edgios de oligoelementos e silicone \u00e0 base de [&hellip;]<\/p>\n","protected":false},"featured_media":1321,"comment_status":"open","ping_status":"closed","template":"","meta":{"_acf_changed":false,"_monsterinsights_skip_tracking":false,"_monsterinsights_sitenote_active":false,"_monsterinsights_sitenote_note":"","_monsterinsights_sitenote_category":0},"product_brand":[],"product_cat":[38],"product_tag":[],"class_list":{"0":"post-1320","1":"product","2":"type-product","3":"status-publish","4":"has-post-thumbnail","6":"product_cat-cabelo-e-unhas","8":"first","9":"instock","10":"taxable","11":"shipping-taxable","12":"purchasable","13":"product-type-simple"},"acf":[],"_links":{"self":[{"href":"https:\/\/csportugal.pt\/index.php?rest_route=\/wp\/v2\/product\/1320","targetHints":{"allow":["GET"]}}],"collection":[{"href":"https:\/\/csportugal.pt\/index.php?rest_route=\/wp\/v2\/product"}],"about":[{"href":"https:\/\/csportugal.pt\/index.php?rest_route=\/wp\/v2\/types\/product"}],"replies":[{"embeddable":true,"href":"https:\/\/csportugal.pt\/index.php?rest_route=%2Fwp%2Fv2%2Fcomments&post=1320"}],"wp:featuredmedia":[{"embeddable":true,"href":"https:\/\/csportugal.pt\/index.php?rest_route=\/wp\/v2\/media\/1321"}],"wp:attachment":[{"href":"https:\/\/csportugal.pt\/index.php?rest_route=%2Fwp%2Fv2%2Fmedia&parent=1320"}],"wp:term":[{"taxonomy":"product_brand","embeddable":true,"href":"https:\/\/csportugal.pt\/index.php?rest_route=%2Fwp%2Fv2%2Fproduct_brand&post=1320"},{"taxonomy":"product_cat","embeddable":true,"href":"https:\/\/csportugal.pt\/index.php?rest_route=%2Fwp%2Fv2%2Fproduct_cat&post=1320"},{"taxonomy":"product_tag","embeddable":true,"href":"https:\/\/csportugal.pt\/index.php?rest_route=%2Fwp%2Fv2%2Fproduct_tag&post=1320"}],"curies":[{"name":"wp","href":"https:\/\/api.w.org\/{rel}","templated":true}]}}