{"id":1298,"date":"2024-10-13T16:14:48","date_gmt":"2024-10-13T16:14:48","guid":{"rendered":"https:\/\/sitestriplem.online\/?post_type=product&#038;p=1298"},"modified":"2025-02-16T18:17:53","modified_gmt":"2025-02-16T18:17:53","slug":"unimer-pediatrico-hipertonico","status":"publish","type":"product","link":"https:\/\/csportugal.pt\/?product=unimer-pediatrico-hipertonico","title":{"rendered":"Unimer Pedi\u00e1trico Hipert\u00f3nico"},"content":{"rendered":"<div class=\"p content\">\n<p><strong>Indicado para:<\/strong><\/p>\n<ul>\n<li>Limpar as fossas nasais<\/li>\n<li>Descongestionar o nariz entupido, nomeadamente em caso de constipa\u00e7\u00e3o, rinossinusite cr\u00f3nica, rinite al\u00e9rgica sazonal<\/li>\n<li>Otimizar a efic\u00e1cia dos tratamentos medicamentosos t\u00f3picos em caso de infe\u00e7\u00f5es ou alergias<\/li>\n<\/ul>\n<p>&nbsp;<\/p>\n<p><strong>Dispositivo m\u00e9dico de classe IIa.<\/strong><\/p>\n<\/div>\n<div class=\"q\">\n<div class=\"r\">\n<div class=\"s\"><span class=\"a\"><strong>Apresenta\u00e7\u00e3o:<\/strong>\u00a0<\/span><span class=\"b\">Frasco de 100 ml<\/span><\/div>\n<\/div>\n<div class=\"r\">\n<div class=\"s\"><strong><span class=\"a\">CNP: <\/span><\/strong><span class=\"b\">6122234<\/span><\/div>\n<\/div>\n<\/div>\n","protected":false},"excerpt":{"rendered":"<p>Indicado para: Limpar as fossas nasais Descongestionar o nariz entupido, nomeadamente em caso de constipa\u00e7\u00e3o, rinossinusite cr\u00f3nica, rinite al\u00e9rgica sazonal Otimizar a efic\u00e1cia dos tratamentos medicamentosos t\u00f3picos em caso de infe\u00e7\u00f5es ou alergias &nbsp; Dispositivo m\u00e9dico de classe IIa. Apresenta\u00e7\u00e3o:\u00a0Frasco de 100 ml CNP: 6122234<\/p>\n","protected":false},"featured_media":1299,"comment_status":"open","ping_status":"closed","template":"","meta":{"_acf_changed":false,"_monsterinsights_skip_tracking":false,"_monsterinsights_sitenote_active":false,"_monsterinsights_sitenote_note":"","_monsterinsights_sitenote_category":0},"product_brand":[],"product_cat":[52],"product_tag":[],"class_list":{"0":"post-1298","1":"product","2":"type-product","3":"status-publish","4":"has-post-thumbnail","6":"product_cat-unimer","8":"first","9":"instock","10":"taxable","11":"shipping-taxable","12":"product-type-simple"},"acf":[],"_links":{"self":[{"href":"https:\/\/csportugal.pt\/index.php?rest_route=\/wp\/v2\/product\/1298","targetHints":{"allow":["GET"]}}],"collection":[{"href":"https:\/\/csportugal.pt\/index.php?rest_route=\/wp\/v2\/product"}],"about":[{"href":"https:\/\/csportugal.pt\/index.php?rest_route=\/wp\/v2\/types\/product"}],"replies":[{"embeddable":true,"href":"https:\/\/csportugal.pt\/index.php?rest_route=%2Fwp%2Fv2%2Fcomments&post=1298"}],"wp:featuredmedia":[{"embeddable":true,"href":"https:\/\/csportugal.pt\/index.php?rest_route=\/wp\/v2\/media\/1299"}],"wp:attachment":[{"href":"https:\/\/csportugal.pt\/index.php?rest_route=%2Fwp%2Fv2%2Fmedia&parent=1298"}],"wp:term":[{"taxonomy":"product_brand","embeddable":true,"href":"https:\/\/csportugal.pt\/index.php?rest_route=%2Fwp%2Fv2%2Fproduct_brand&post=1298"},{"taxonomy":"product_cat","embeddable":true,"href":"https:\/\/csportugal.pt\/index.php?rest_route=%2Fwp%2Fv2%2Fproduct_cat&post=1298"},{"taxonomy":"product_tag","embeddable":true,"href":"https:\/\/csportugal.pt\/index.php?rest_route=%2Fwp%2Fv2%2Fproduct_tag&post=1298"}],"curies":[{"name":"wp","href":"https:\/\/api.w.org\/{rel}","templated":true}]}}