{"id":1296,"date":"2024-10-13T16:07:07","date_gmt":"2024-10-13T16:07:07","guid":{"rendered":"https:\/\/sitestriplem.online\/?post_type=product&#038;p=1296"},"modified":"2026-02-12T16:11:15","modified_gmt":"2026-02-12T16:11:15","slug":"depiwhite-whitening-leite-corporal","status":"publish","type":"product","link":"https:\/\/csportugal.pt\/?product=depiwhite-whitening-leite-corporal","title":{"rendered":"D\u00e9piwhite Whitening Leite Corporal"},"content":{"rendered":"<p>Foi desenvolvido para hidratar, clarear e homogeneizar a pele do corpo. Mant\u00e9m um bom n\u00edvel de hidrata\u00e7\u00e3o e fortalece a barreira cut\u00e2nea. Tem uma textura leve e n\u00e3o oleosa.<\/p>\n<p>Cont\u00e9m um complexo patenteado, \u00e1cido l\u00e1ctico e extratos vegetais, respons\u00e1veis pela a\u00e7\u00e3o branqueadora. Hidrata, e uniformiza a tez da pele, d\u00e1 elasticidade e brilho.<\/p>\n<p>Estudo cl\u00ednico realizado pelo Laborat\u00f3rio ACM mostram que\u00a0 D\u00e9piwhite Whitening Leite Corporal aumenta significativamente o n\u00edvel de hidrata\u00e7\u00e3o da epiderme, de forma duradoura, at\u00e9 8 horas ap\u00f3s a aplica\u00e7\u00e3o do produto.<\/p>\n<p>&nbsp;<\/p>\n<p><strong>Apresenta\u00e7\u00e3o:<\/strong> Frasco 500 ml<\/p>\n<p><strong>CNP:<\/strong> 7435453<\/p>\n","protected":false},"excerpt":{"rendered":"<p>Foi desenvolvido para hidratar, clarear e homogeneizar a pele do corpo. Mant\u00e9m um bom n\u00edvel de hidrata\u00e7\u00e3o e fortalece a barreira cut\u00e2nea. Tem uma textura leve e n\u00e3o oleosa. Cont\u00e9m um complexo patenteado, \u00e1cido l\u00e1ctico e extratos vegetais, respons\u00e1veis pela a\u00e7\u00e3o branqueadora. Hidrata, e uniformiza a tez da pele, d\u00e1 elasticidade e brilho. Estudo cl\u00ednico [&hellip;]<\/p>\n","protected":false},"featured_media":1297,"comment_status":"open","ping_status":"closed","template":"","meta":{"_acf_changed":false,"_monsterinsights_skip_tracking":false,"_monsterinsights_sitenote_active":false,"_monsterinsights_sitenote_note":"","_monsterinsights_sitenote_category":0},"product_brand":[],"product_cat":[39],"product_tag":[],"class_list":{"0":"post-1296","1":"product","2":"type-product","3":"status-publish","4":"has-post-thumbnail","6":"product_cat-hiperpigmentacao","8":"first","9":"instock","10":"taxable","11":"shipping-taxable","12":"purchasable","13":"product-type-simple"},"acf":[],"_links":{"self":[{"href":"https:\/\/csportugal.pt\/index.php?rest_route=\/wp\/v2\/product\/1296","targetHints":{"allow":["GET"]}}],"collection":[{"href":"https:\/\/csportugal.pt\/index.php?rest_route=\/wp\/v2\/product"}],"about":[{"href":"https:\/\/csportugal.pt\/index.php?rest_route=\/wp\/v2\/types\/product"}],"replies":[{"embeddable":true,"href":"https:\/\/csportugal.pt\/index.php?rest_route=%2Fwp%2Fv2%2Fcomments&post=1296"}],"wp:featuredmedia":[{"embeddable":true,"href":"https:\/\/csportugal.pt\/index.php?rest_route=\/wp\/v2\/media\/1297"}],"wp:attachment":[{"href":"https:\/\/csportugal.pt\/index.php?rest_route=%2Fwp%2Fv2%2Fmedia&parent=1296"}],"wp:term":[{"taxonomy":"product_brand","embeddable":true,"href":"https:\/\/csportugal.pt\/index.php?rest_route=%2Fwp%2Fv2%2Fproduct_brand&post=1296"},{"taxonomy":"product_cat","embeddable":true,"href":"https:\/\/csportugal.pt\/index.php?rest_route=%2Fwp%2Fv2%2Fproduct_cat&post=1296"},{"taxonomy":"product_tag","embeddable":true,"href":"https:\/\/csportugal.pt\/index.php?rest_route=%2Fwp%2Fv2%2Fproduct_tag&post=1296"}],"curies":[{"name":"wp","href":"https:\/\/api.w.org\/{rel}","templated":true}]}}