{"id":1294,"date":"2024-10-13T15:58:46","date_gmt":"2024-10-13T15:58:46","guid":{"rendered":"https:\/\/sitestriplem.online\/?post_type=product&#038;p=1294"},"modified":"2026-02-12T16:11:00","modified_gmt":"2026-02-12T16:11:00","slug":"depiwhite-activegel","status":"publish","type":"product","link":"https:\/\/csportugal.pt\/?product=depiwhite-activegel","title":{"rendered":"D\u00e9piwhite ActiveGel"},"content":{"rendered":"<p>Gel despigmentante, especialmente desenvolvido para reduzir ou eliminar manchas de pigmenta\u00e7\u00e3o em peles mistas a oleosas. \u00c9 n\u00e3o comedog\u00e9nico, sem cheiro e sem brilho, o que o torna numa boa base de maquilhagem.<\/p>\n<p>Gra\u00e7as \u00e0 sua patente \u201ccomplexo Lumi-OX\u201d, uma combina\u00e7\u00e3o de princ\u00edpios ativos despigmentantes e antioxidantes, limita a produ\u00e7\u00e3o de melanina e acelera o processo natural de degrada\u00e7\u00e3o da melanina.<\/p>\n<p>Assim, D\u00e9piwhite ActiveGel promove o desaparecimento das manchas existentes e previne o aparecimento de novas. Ao mesmo tempo protege a pele dos radicais livres. A tez da pele fica uniforme e mais luminosa, com uma textura leve. Absorvido rapidamente, deixa a pele macia, mais radiante e sem brilho de forma a responder \u00e0s necessidades da pele mista a oleosa.<\/p>\n<p>&nbsp;<\/p>\n<p><strong>Apresenta\u00e7\u00e3o:<\/strong> Bisnaga de 40 ml<\/p>\n<p><strong>CNP:<\/strong> 7435412<\/p>\n","protected":false},"excerpt":{"rendered":"<p>Gel despigmentante, especialmente desenvolvido para reduzir ou eliminar manchas de pigmenta\u00e7\u00e3o em peles mistas a oleosas. \u00c9 n\u00e3o comedog\u00e9nico, sem cheiro e sem brilho, o que o torna numa boa base de maquilhagem. Gra\u00e7as \u00e0 sua patente \u201ccomplexo Lumi-OX\u201d, uma combina\u00e7\u00e3o de princ\u00edpios ativos despigmentantes e antioxidantes, limita a produ\u00e7\u00e3o de melanina e acelera o [&hellip;]<\/p>\n","protected":false},"featured_media":1295,"comment_status":"open","ping_status":"closed","template":"","meta":{"_acf_changed":false,"_monsterinsights_skip_tracking":false,"_monsterinsights_sitenote_active":false,"_monsterinsights_sitenote_note":"","_monsterinsights_sitenote_category":0},"product_brand":[],"product_cat":[39],"product_tag":[],"class_list":{"0":"post-1294","1":"product","2":"type-product","3":"status-publish","4":"has-post-thumbnail","6":"product_cat-hiperpigmentacao","8":"first","9":"instock","10":"taxable","11":"shipping-taxable","12":"purchasable","13":"product-type-simple"},"acf":[],"_links":{"self":[{"href":"https:\/\/csportugal.pt\/index.php?rest_route=\/wp\/v2\/product\/1294","targetHints":{"allow":["GET"]}}],"collection":[{"href":"https:\/\/csportugal.pt\/index.php?rest_route=\/wp\/v2\/product"}],"about":[{"href":"https:\/\/csportugal.pt\/index.php?rest_route=\/wp\/v2\/types\/product"}],"replies":[{"embeddable":true,"href":"https:\/\/csportugal.pt\/index.php?rest_route=%2Fwp%2Fv2%2Fcomments&post=1294"}],"wp:featuredmedia":[{"embeddable":true,"href":"https:\/\/csportugal.pt\/index.php?rest_route=\/wp\/v2\/media\/1295"}],"wp:attachment":[{"href":"https:\/\/csportugal.pt\/index.php?rest_route=%2Fwp%2Fv2%2Fmedia&parent=1294"}],"wp:term":[{"taxonomy":"product_brand","embeddable":true,"href":"https:\/\/csportugal.pt\/index.php?rest_route=%2Fwp%2Fv2%2Fproduct_brand&post=1294"},{"taxonomy":"product_cat","embeddable":true,"href":"https:\/\/csportugal.pt\/index.php?rest_route=%2Fwp%2Fv2%2Fproduct_cat&post=1294"},{"taxonomy":"product_tag","embeddable":true,"href":"https:\/\/csportugal.pt\/index.php?rest_route=%2Fwp%2Fv2%2Fproduct_tag&post=1294"}],"curies":[{"name":"wp","href":"https:\/\/api.w.org\/{rel}","templated":true}]}}