{"id":1021,"date":"2024-05-21T21:38:15","date_gmt":"2024-05-21T21:38:15","guid":{"rendered":"https:\/\/sitestriplem.online\/?post_type=product&#038;p=1021"},"modified":"2026-02-12T16:16:24","modified_gmt":"2026-02-12T16:16:24","slug":"ramet-oleo-de-cade","status":"publish","type":"product","link":"https:\/\/csportugal.pt\/?product=ramet-oleo-de-cade","title":{"rendered":"Ramet \u00d3leo de Cade"},"content":{"rendered":"<p><strong>Para estados descamativos e prurido do couro cabeludo<\/strong><\/p>\n<p>O champ\u00f4 Ramet \u00d3leo de Cade \u00e9 um produto de origem vegetal, obtido pela destila\u00e7\u00e3o dos ramos e tronco de uma planta designada por\u00a0<em>Juniperus oxycedrus,<\/em> de onde se obt\u00e9m o \u00f3leo de Cade.<\/p>\n<p>A\u00e7\u00f5es principais:<\/p>\n<ul>\n<li>Reconhecida efic\u00e1cia e suavidade do \u00d3leo de Cade;<\/li>\n<li>Base lavante anf\u00f3tera, n\u00e3o i\u00f3nica;<\/li>\n<li>Evita a seborreia reacional;<\/li>\n<li>Diminui o engorduramento do couro cabeludo;<\/li>\n<li>A\u00e7\u00e3o redutora sobre a descama\u00e7\u00e3o;<\/li>\n<li>Elimina o prurido;<\/li>\n<li>N\u00e3o seca o cabelo mesmo quando utilizado diariamente.<\/li>\n<\/ul>\n<p>&nbsp;<\/p>\n<div class=\"r\">\n<div class=\"s\"><strong><span class=\"a\">APRESENTA\u00c7\u00c3O:\u00a0<\/span><\/strong><span class=\"b\">Frasco de 250 ml<\/span><\/div>\n<\/div>\n<div class=\"r\">\n<div class=\"s\"><strong><span class=\"a\">CNP:\u00a0<\/span><\/strong><span class=\"b\">6556258<\/span><\/div>\n<\/div>\n","protected":false},"excerpt":{"rendered":"<p>Para estados descamativos e prurido do couro cabeludo O champ\u00f4 Ramet \u00d3leo de Cade \u00e9 um produto de origem vegetal, obtido pela destila\u00e7\u00e3o dos ramos e tronco de uma planta designada por\u00a0Juniperus oxycedrus, de onde se obt\u00e9m o \u00f3leo de Cade. A\u00e7\u00f5es principais: Reconhecida efic\u00e1cia e suavidade do \u00d3leo de Cade; Base lavante anf\u00f3tera, n\u00e3o [&hellip;]<\/p>\n","protected":false},"featured_media":1077,"comment_status":"open","ping_status":"closed","template":"","meta":{"_acf_changed":false,"_monsterinsights_skip_tracking":false,"_monsterinsights_sitenote_active":false,"_monsterinsights_sitenote_note":"","_monsterinsights_sitenote_category":0},"product_brand":[],"product_cat":[49],"product_tag":[],"class_list":{"0":"post-1021","1":"product","2":"type-product","3":"status-publish","4":"has-post-thumbnail","6":"product_cat-dermatite-seborreica-e-psoriase","8":"first","9":"instock","10":"taxable","11":"shipping-taxable","12":"purchasable","13":"product-type-simple"},"acf":[],"_links":{"self":[{"href":"https:\/\/csportugal.pt\/index.php?rest_route=\/wp\/v2\/product\/1021","targetHints":{"allow":["GET"]}}],"collection":[{"href":"https:\/\/csportugal.pt\/index.php?rest_route=\/wp\/v2\/product"}],"about":[{"href":"https:\/\/csportugal.pt\/index.php?rest_route=\/wp\/v2\/types\/product"}],"replies":[{"embeddable":true,"href":"https:\/\/csportugal.pt\/index.php?rest_route=%2Fwp%2Fv2%2Fcomments&post=1021"}],"wp:featuredmedia":[{"embeddable":true,"href":"https:\/\/csportugal.pt\/index.php?rest_route=\/wp\/v2\/media\/1077"}],"wp:attachment":[{"href":"https:\/\/csportugal.pt\/index.php?rest_route=%2Fwp%2Fv2%2Fmedia&parent=1021"}],"wp:term":[{"taxonomy":"product_brand","embeddable":true,"href":"https:\/\/csportugal.pt\/index.php?rest_route=%2Fwp%2Fv2%2Fproduct_brand&post=1021"},{"taxonomy":"product_cat","embeddable":true,"href":"https:\/\/csportugal.pt\/index.php?rest_route=%2Fwp%2Fv2%2Fproduct_cat&post=1021"},{"taxonomy":"product_tag","embeddable":true,"href":"https:\/\/csportugal.pt\/index.php?rest_route=%2Fwp%2Fv2%2Fproduct_tag&post=1021"}],"curies":[{"name":"wp","href":"https:\/\/api.w.org\/{rel}","templated":true}]}}