{"id":1014,"date":"2024-05-20T22:09:26","date_gmt":"2024-05-20T22:09:26","guid":{"rendered":"https:\/\/sitestriplem.online\/?post_type=product&#038;p=1014"},"modified":"2026-02-12T16:10:03","modified_gmt":"2026-02-12T16:10:03","slug":"care-system-emulsao","status":"publish","type":"product","link":"https:\/\/csportugal.pt\/?product=care-system-emulsao","title":{"rendered":"Care System Emuls\u00e3o"},"content":{"rendered":"<div class=\"p content\">\n<div id=\"produtotext\">\n<p>Para aplicar depois de barbear em peles sens\u00edveis, com tend\u00eancia acneica, oleosas ou com foliculites.<\/p>\n<p>Acalma o ardor t\u00edpico do barbear e atenua as vermelhid\u00f5es difusas.<\/p>\n<p>Normaliza a secre\u00e7\u00e3o seb\u00e1cea pelo que pode ser utilizada por indiv\u00edduos que tenham uma pele com tend\u00eancia acneica.<\/p>\n<p>&nbsp;<\/p>\n<\/div>\n<\/div>\n<div class=\"q\">\n<div class=\"r\">\n<div class=\"s\"><span class=\"a\"><strong>APRESENTA\u00c7\u00c3O:<\/strong>\u00a0<\/span><span class=\"b\">Frasco de 100 ml<\/span><\/div>\n<\/div>\n<div class=\"r\">\n<div class=\"s\"><span class=\"a\"><strong>CNP:<\/strong>\u00a0<\/span><span class=\"b\">6418731<\/span><\/div>\n<\/div>\n<\/div>\n","protected":false},"excerpt":{"rendered":"<p>Para aplicar depois de barbear em peles sens\u00edveis, com tend\u00eancia acneica, oleosas ou com foliculites. Acalma o ardor t\u00edpico do barbear e atenua as vermelhid\u00f5es difusas. Normaliza a secre\u00e7\u00e3o seb\u00e1cea pelo que pode ser utilizada por indiv\u00edduos que tenham uma pele com tend\u00eancia acneica. &nbsp; APRESENTA\u00c7\u00c3O:\u00a0Frasco de 100 ml CNP:\u00a06418731<\/p>\n","protected":false},"featured_media":1075,"comment_status":"open","ping_status":"closed","template":"","meta":{"_acf_changed":false,"_monsterinsights_skip_tracking":false,"_monsterinsights_sitenote_active":false,"_monsterinsights_sitenote_note":"","_monsterinsights_sitenote_category":0},"product_brand":[],"product_cat":[45],"product_tag":[],"class_list":{"0":"post-1014","1":"product","2":"type-product","3":"status-publish","4":"has-post-thumbnail","6":"product_cat-barbear","8":"first","9":"instock","10":"taxable","11":"shipping-taxable","12":"purchasable","13":"product-type-simple"},"acf":[],"_links":{"self":[{"href":"https:\/\/csportugal.pt\/index.php?rest_route=\/wp\/v2\/product\/1014","targetHints":{"allow":["GET"]}}],"collection":[{"href":"https:\/\/csportugal.pt\/index.php?rest_route=\/wp\/v2\/product"}],"about":[{"href":"https:\/\/csportugal.pt\/index.php?rest_route=\/wp\/v2\/types\/product"}],"replies":[{"embeddable":true,"href":"https:\/\/csportugal.pt\/index.php?rest_route=%2Fwp%2Fv2%2Fcomments&post=1014"}],"wp:featuredmedia":[{"embeddable":true,"href":"https:\/\/csportugal.pt\/index.php?rest_route=\/wp\/v2\/media\/1075"}],"wp:attachment":[{"href":"https:\/\/csportugal.pt\/index.php?rest_route=%2Fwp%2Fv2%2Fmedia&parent=1014"}],"wp:term":[{"taxonomy":"product_brand","embeddable":true,"href":"https:\/\/csportugal.pt\/index.php?rest_route=%2Fwp%2Fv2%2Fproduct_brand&post=1014"},{"taxonomy":"product_cat","embeddable":true,"href":"https:\/\/csportugal.pt\/index.php?rest_route=%2Fwp%2Fv2%2Fproduct_cat&post=1014"},{"taxonomy":"product_tag","embeddable":true,"href":"https:\/\/csportugal.pt\/index.php?rest_route=%2Fwp%2Fv2%2Fproduct_tag&post=1014"}],"curies":[{"name":"wp","href":"https:\/\/api.w.org\/{rel}","templated":true}]}}