{"id":1010,"date":"2024-05-20T22:02:40","date_gmt":"2024-05-20T22:02:40","guid":{"rendered":"https:\/\/sitestriplem.online\/?post_type=product&#038;p=1010"},"modified":"2026-02-12T16:19:32","modified_gmt":"2026-02-12T16:19:32","slug":"vitix-comprimidos","status":"publish","type":"product","link":"https:\/\/csportugal.pt\/?product=vitix-comprimidos","title":{"rendered":"Vitix Comprimidos"},"content":{"rendered":"<p><strong>PROTEGE DO STRESS OXIDATIVO<\/strong><\/p>\n<p>Vitix comprimidos \u00e9 um suplemento alimentar que ajuda a proteger as c\u00e9lulas contra o stress oxidativo (gra\u00e7as \u00e0s vitaminas C e E, ao Cobre e ao Sel\u00e9nio).<\/p>\n<p>A sua f\u00f3rmula combina extrato de mel\u00e3o patenteado com um grupo de vitaminas (C, E, B9 e B12) e minerais (Sel\u00e9nio, Cobre e Zinco).<\/p>\n<p>&nbsp;<\/p>\n<div class=\"r\">\n<div class=\"s\"><strong><span class=\"a\">APRESENTA\u00c7\u00c3O:\u00a0<\/span><\/strong><span class=\"b\">Embalagem com 30 comprimidos<\/span><\/div>\n<\/div>\n<div class=\"r\">\n<div class=\"s\"><strong><span class=\"a\">CNP:\u00a0<\/span><\/strong><span class=\"b\">7375733<\/span><\/div>\n<\/div>\n","protected":false},"excerpt":{"rendered":"<p>PROTEGE DO STRESS OXIDATIVO Vitix comprimidos \u00e9 um suplemento alimentar que ajuda a proteger as c\u00e9lulas contra o stress oxidativo (gra\u00e7as \u00e0s vitaminas C e E, ao Cobre e ao Sel\u00e9nio). A sua f\u00f3rmula combina extrato de mel\u00e3o patenteado com um grupo de vitaminas (C, E, B9 e B12) e minerais (Sel\u00e9nio, Cobre e Zinco). [&hellip;]<\/p>\n","protected":false},"featured_media":1072,"comment_status":"open","ping_status":"closed","template":"","meta":{"_acf_changed":false,"_monsterinsights_skip_tracking":false,"_monsterinsights_sitenote_active":false,"_monsterinsights_sitenote_note":"","_monsterinsights_sitenote_category":0},"product_brand":[],"product_cat":[44],"product_tag":[],"class_list":{"0":"post-1010","1":"product","2":"type-product","3":"status-publish","4":"has-post-thumbnail","6":"product_cat-vitiligo","8":"first","9":"instock","10":"taxable","11":"shipping-taxable","12":"purchasable","13":"product-type-simple"},"acf":[],"_links":{"self":[{"href":"https:\/\/csportugal.pt\/index.php?rest_route=\/wp\/v2\/product\/1010","targetHints":{"allow":["GET"]}}],"collection":[{"href":"https:\/\/csportugal.pt\/index.php?rest_route=\/wp\/v2\/product"}],"about":[{"href":"https:\/\/csportugal.pt\/index.php?rest_route=\/wp\/v2\/types\/product"}],"replies":[{"embeddable":true,"href":"https:\/\/csportugal.pt\/index.php?rest_route=%2Fwp%2Fv2%2Fcomments&post=1010"}],"wp:featuredmedia":[{"embeddable":true,"href":"https:\/\/csportugal.pt\/index.php?rest_route=\/wp\/v2\/media\/1072"}],"wp:attachment":[{"href":"https:\/\/csportugal.pt\/index.php?rest_route=%2Fwp%2Fv2%2Fmedia&parent=1010"}],"wp:term":[{"taxonomy":"product_brand","embeddable":true,"href":"https:\/\/csportugal.pt\/index.php?rest_route=%2Fwp%2Fv2%2Fproduct_brand&post=1010"},{"taxonomy":"product_cat","embeddable":true,"href":"https:\/\/csportugal.pt\/index.php?rest_route=%2Fwp%2Fv2%2Fproduct_cat&post=1010"},{"taxonomy":"product_tag","embeddable":true,"href":"https:\/\/csportugal.pt\/index.php?rest_route=%2Fwp%2Fv2%2Fproduct_tag&post=1010"}],"curies":[{"name":"wp","href":"https:\/\/api.w.org\/{rel}","templated":true}]}}