{"id":1009,"date":"2024-05-20T21:52:25","date_gmt":"2024-05-20T21:52:25","guid":{"rendered":"https:\/\/sitestriplem.online\/?post_type=product&#038;p=1009"},"modified":"2026-02-12T16:19:44","modified_gmt":"2026-02-12T16:19:44","slug":"vitix-gel","status":"publish","type":"product","link":"https:\/\/csportugal.pt\/?product=vitix-gel","title":{"rendered":"Vitix Gel"},"content":{"rendered":"<div class=\"p content\">\n<p><strong>GEL REGULADOR DA PIGMENTA\u00c7\u00c3O<\/strong><\/p>\n<p>Vitix Gel possui um mecanismo inovador de a\u00e7\u00e3o que melhora o equil\u00edbrio fisiol\u00f3gico dos radicais livres nas c\u00e9lulas epid\u00e9rmicas gra\u00e7as a um extrato vegetal patenteado de mel\u00e3o, rico em antioxidantes. Vitix Gel \u00e9 um gel opaco, n\u00e3o gorduroso e de baixo aspeto granular, que cont\u00e9m microesferas que atingem e protegem o ingrediente ativo vegetal. No momento da aplica\u00e7\u00e3o do gel, o princ\u00edpio ativo \u00e9 libertado e absorvido rapidamente pela pele.<\/p>\n<p>Vitix Gel \u00e9 um gel de uso di\u00e1rio para corpo e rosto com uma a\u00e7\u00e3o reguladora das peles que apresentam zonas despigmentadas (Vitiligo).<\/p>\n<\/div>\n<p>&nbsp;<\/p>\n<div class=\"r\">\n<div class=\"s\"><span class=\"a\"><strong>APRESENTA\u00c7\u00c3O:<\/strong>\u00a0<\/span><span class=\"b\">Bisnaga de 50 ml<\/span><\/div>\n<\/div>\n<div class=\"r\">\n<div class=\"s\"><strong><span class=\"a\">CNP:\u00a0<\/span><\/strong><span class=\"b\">6564773<\/span><\/div>\n<\/div>\n<div class=\"q\"><\/div>\n","protected":false},"excerpt":{"rendered":"<p>GEL REGULADOR DA PIGMENTA\u00c7\u00c3O Vitix Gel possui um mecanismo inovador de a\u00e7\u00e3o que melhora o equil\u00edbrio fisiol\u00f3gico dos radicais livres nas c\u00e9lulas epid\u00e9rmicas gra\u00e7as a um extrato vegetal patenteado de mel\u00e3o, rico em antioxidantes. Vitix Gel \u00e9 um gel opaco, n\u00e3o gorduroso e de baixo aspeto granular, que cont\u00e9m microesferas que atingem e protegem o [&hellip;]<\/p>\n","protected":false},"featured_media":1071,"comment_status":"open","ping_status":"closed","template":"","meta":{"_acf_changed":false,"_monsterinsights_skip_tracking":false,"_monsterinsights_sitenote_active":false,"_monsterinsights_sitenote_note":"","_monsterinsights_sitenote_category":0},"product_brand":[],"product_cat":[44],"product_tag":[],"class_list":{"0":"post-1009","1":"product","2":"type-product","3":"status-publish","4":"has-post-thumbnail","6":"product_cat-vitiligo","8":"first","9":"instock","10":"taxable","11":"shipping-taxable","12":"purchasable","13":"product-type-simple"},"acf":[],"_links":{"self":[{"href":"https:\/\/csportugal.pt\/index.php?rest_route=\/wp\/v2\/product\/1009","targetHints":{"allow":["GET"]}}],"collection":[{"href":"https:\/\/csportugal.pt\/index.php?rest_route=\/wp\/v2\/product"}],"about":[{"href":"https:\/\/csportugal.pt\/index.php?rest_route=\/wp\/v2\/types\/product"}],"replies":[{"embeddable":true,"href":"https:\/\/csportugal.pt\/index.php?rest_route=%2Fwp%2Fv2%2Fcomments&post=1009"}],"wp:featuredmedia":[{"embeddable":true,"href":"https:\/\/csportugal.pt\/index.php?rest_route=\/wp\/v2\/media\/1071"}],"wp:attachment":[{"href":"https:\/\/csportugal.pt\/index.php?rest_route=%2Fwp%2Fv2%2Fmedia&parent=1009"}],"wp:term":[{"taxonomy":"product_brand","embeddable":true,"href":"https:\/\/csportugal.pt\/index.php?rest_route=%2Fwp%2Fv2%2Fproduct_brand&post=1009"},{"taxonomy":"product_cat","embeddable":true,"href":"https:\/\/csportugal.pt\/index.php?rest_route=%2Fwp%2Fv2%2Fproduct_cat&post=1009"},{"taxonomy":"product_tag","embeddable":true,"href":"https:\/\/csportugal.pt\/index.php?rest_route=%2Fwp%2Fv2%2Fproduct_tag&post=1009"}],"curies":[{"name":"wp","href":"https:\/\/api.w.org\/{rel}","templated":true}]}}