{"id":1007,"date":"2024-05-20T21:49:56","date_gmt":"2024-05-20T21:49:56","guid":{"rendered":"https:\/\/sitestriplem.online\/?post_type=product&#038;p=1007"},"modified":"2026-02-12T16:19:14","modified_gmt":"2026-02-12T16:19:14","slug":"viticolor","status":"publish","type":"product","link":"https:\/\/csportugal.pt\/?product=viticolor","title":{"rendered":"Viticolor"},"content":{"rendered":"<p><strong>GEL CORRETOR PARA PELE COM VITILIGO<\/strong><br \/>\nGel corretor concebido para camuflar as \u00e1reas despigmentadas conservando a cor por v\u00e1rios dias (3 a 5 dias). Pode ser usado em simult\u00e2neo com os tratamentos do vitiligo e particularmente com fototerapia.<\/p>\n<p>Viticolor gel combina:<\/p>\n<p>\u2013 agentes corantes que conferem uma colora\u00e7\u00e3o imediata \u00e0 pele.<\/p>\n<p>\u2013 agentes pigmentantes (DHA e Eritrulose), que proporcionam uma colora\u00e7\u00e3o mais profunda e duradoura. Esta colora\u00e7\u00e3o aparece algumas horas ap\u00f3s a aplica\u00e7\u00e3o.<\/p>\n<p>&nbsp;<\/p>\n<div class=\"r\">\n<div class=\"s\"><strong><span class=\"a\">APRESENTA\u00c7\u00c3O:\u00a0<\/span><\/strong><span class=\"b\">Bisnaga de 50 ml<\/span><\/div>\n<\/div>\n<div class=\"r\">\n<div class=\"s\"><strong><span class=\"a\">CNP:\u00a0<\/span><\/strong><span class=\"b\">6879486<\/span><\/div>\n<\/div>\n","protected":false},"excerpt":{"rendered":"<p>GEL CORRETOR PARA PELE COM VITILIGO Gel corretor concebido para camuflar as \u00e1reas despigmentadas conservando a cor por v\u00e1rios dias (3 a 5 dias). Pode ser usado em simult\u00e2neo com os tratamentos do vitiligo e particularmente com fototerapia. Viticolor gel combina: \u2013 agentes corantes que conferem uma colora\u00e7\u00e3o imediata \u00e0 pele. \u2013 agentes pigmentantes (DHA [&hellip;]<\/p>\n","protected":false},"featured_media":1070,"comment_status":"open","ping_status":"closed","template":"","meta":{"_acf_changed":false,"_monsterinsights_skip_tracking":false,"_monsterinsights_sitenote_active":false,"_monsterinsights_sitenote_note":"","_monsterinsights_sitenote_category":0},"product_brand":[],"product_cat":[44],"product_tag":[],"class_list":{"0":"post-1007","1":"product","2":"type-product","3":"status-publish","4":"has-post-thumbnail","6":"product_cat-vitiligo","8":"first","9":"instock","10":"taxable","11":"shipping-taxable","12":"purchasable","13":"product-type-simple"},"acf":[],"_links":{"self":[{"href":"https:\/\/csportugal.pt\/index.php?rest_route=\/wp\/v2\/product\/1007","targetHints":{"allow":["GET"]}}],"collection":[{"href":"https:\/\/csportugal.pt\/index.php?rest_route=\/wp\/v2\/product"}],"about":[{"href":"https:\/\/csportugal.pt\/index.php?rest_route=\/wp\/v2\/types\/product"}],"replies":[{"embeddable":true,"href":"https:\/\/csportugal.pt\/index.php?rest_route=%2Fwp%2Fv2%2Fcomments&post=1007"}],"wp:featuredmedia":[{"embeddable":true,"href":"https:\/\/csportugal.pt\/index.php?rest_route=\/wp\/v2\/media\/1070"}],"wp:attachment":[{"href":"https:\/\/csportugal.pt\/index.php?rest_route=%2Fwp%2Fv2%2Fmedia&parent=1007"}],"wp:term":[{"taxonomy":"product_brand","embeddable":true,"href":"https:\/\/csportugal.pt\/index.php?rest_route=%2Fwp%2Fv2%2Fproduct_brand&post=1007"},{"taxonomy":"product_cat","embeddable":true,"href":"https:\/\/csportugal.pt\/index.php?rest_route=%2Fwp%2Fv2%2Fproduct_cat&post=1007"},{"taxonomy":"product_tag","embeddable":true,"href":"https:\/\/csportugal.pt\/index.php?rest_route=%2Fwp%2Fv2%2Fproduct_tag&post=1007"}],"curies":[{"name":"wp","href":"https:\/\/api.w.org\/{rel}","templated":true}]}}