{"id":1003,"date":"2024-05-20T21:39:31","date_gmt":"2024-05-20T21:39:31","guid":{"rendered":"https:\/\/sitestriplem.online\/?post_type=product&#038;p=1003"},"modified":"2026-02-12T16:09:48","modified_gmt":"2026-02-12T16:09:48","slug":"boreade-cl-creme-lavante","status":"publish","type":"product","link":"https:\/\/csportugal.pt\/?product=boreade-cl-creme-lavante","title":{"rendered":"Bor\u00e9ade CL Creme Lavante"},"content":{"rendered":"<p><strong>Cuidado de limpeza e toler\u00e2ncia elevada<\/strong><\/p>\n<p>Bor\u00e9ade CL \u00e9 um creme lavante suave de toler\u00e2ncia elevada, que limpa a pele sem a secar e purifica suavemente a pele oleosa com tend\u00eancia acneica, incluindo peles fragilizadas devido a tratamentos dermatol\u00f3gicos.<\/p>\n<p>&nbsp;<\/p>\n<div class=\"r\">\n<div class=\"s\"><strong><span class=\"a\">APRESENTA\u00c7\u00c3O:\u00a0<\/span><\/strong><span class=\"b\">Frasco doseador de 200 ml<\/span><\/div>\n<\/div>\n<div class=\"r\">\n<div class=\"s\"><span class=\"a\"><strong>CNP:<\/strong>\u00a0<\/span><span class=\"b\">6927145<\/span><\/div>\n<\/div>\n","protected":false},"excerpt":{"rendered":"<p>Cuidado de limpeza e toler\u00e2ncia elevada Bor\u00e9ade CL \u00e9 um creme lavante suave de toler\u00e2ncia elevada, que limpa a pele sem a secar e purifica suavemente a pele oleosa com tend\u00eancia acneica, incluindo peles fragilizadas devido a tratamentos dermatol\u00f3gicos. &nbsp; APRESENTA\u00c7\u00c3O:\u00a0Frasco doseador de 200 ml CNP:\u00a06927145<\/p>\n","protected":false},"featured_media":1060,"comment_status":"open","ping_status":"closed","template":"","meta":{"_acf_changed":false,"_monsterinsights_skip_tracking":false,"_monsterinsights_sitenote_active":false,"_monsterinsights_sitenote_note":"","_monsterinsights_sitenote_category":0},"product_brand":[],"product_cat":[42,57],"product_tag":[],"class_list":{"0":"post-1003","1":"product","2":"type-product","3":"status-publish","4":"has-post-thumbnail","6":"product_cat-acne","7":"product_cat-adultos","9":"first","10":"instock","11":"taxable","12":"shipping-taxable","13":"purchasable","14":"product-type-simple"},"acf":[],"_links":{"self":[{"href":"https:\/\/csportugal.pt\/index.php?rest_route=\/wp\/v2\/product\/1003","targetHints":{"allow":["GET"]}}],"collection":[{"href":"https:\/\/csportugal.pt\/index.php?rest_route=\/wp\/v2\/product"}],"about":[{"href":"https:\/\/csportugal.pt\/index.php?rest_route=\/wp\/v2\/types\/product"}],"replies":[{"embeddable":true,"href":"https:\/\/csportugal.pt\/index.php?rest_route=%2Fwp%2Fv2%2Fcomments&post=1003"}],"wp:featuredmedia":[{"embeddable":true,"href":"https:\/\/csportugal.pt\/index.php?rest_route=\/wp\/v2\/media\/1060"}],"wp:attachment":[{"href":"https:\/\/csportugal.pt\/index.php?rest_route=%2Fwp%2Fv2%2Fmedia&parent=1003"}],"wp:term":[{"taxonomy":"product_brand","embeddable":true,"href":"https:\/\/csportugal.pt\/index.php?rest_route=%2Fwp%2Fv2%2Fproduct_brand&post=1003"},{"taxonomy":"product_cat","embeddable":true,"href":"https:\/\/csportugal.pt\/index.php?rest_route=%2Fwp%2Fv2%2Fproduct_cat&post=1003"},{"taxonomy":"product_tag","embeddable":true,"href":"https:\/\/csportugal.pt\/index.php?rest_route=%2Fwp%2Fv2%2Fproduct_tag&post=1003"}],"curies":[{"name":"wp","href":"https:\/\/api.w.org\/{rel}","templated":true}]}}