{"id":1002,"date":"2024-05-20T21:37:14","date_gmt":"2024-05-20T21:37:14","guid":{"rendered":"https:\/\/sitestriplem.online\/?post_type=product&#038;p=1002"},"modified":"2026-02-12T16:09:36","modified_gmt":"2026-02-12T16:09:36","slug":"boreade-r-cuidado-reparador-suavizante","status":"publish","type":"product","link":"https:\/\/csportugal.pt\/?product=boreade-r-cuidado-reparador-suavizante","title":{"rendered":"Bor\u00e9ade R Cuidado Reparador Suavizante"},"content":{"rendered":"<p><strong>Cuidado reparador suavizante<\/strong><\/p>\n<p>Bor\u00e9ade R proporciona hidrata\u00e7\u00e3o e conforto durante o dia \u00e0 pele oleosa e\/ou oleosa causada por tratamentos dermatol\u00f3gicos.<\/p>\n<p>&nbsp;<\/p>\n<div class=\"r\">\n<div class=\"s\"><span class=\"a\"><strong>APRESENTA\u00c7\u00c3O:<\/strong>\u00a0<\/span><span class=\"b\">Bisnaga de 40 ml<\/span><\/div>\n<\/div>\n<div class=\"r\">\n<div class=\"s\"><strong><span class=\"a\">CNP: <\/span><\/strong><span class=\"b\">6884528<\/span><\/div>\n<\/div>\n","protected":false},"excerpt":{"rendered":"<p>Cuidado reparador suavizante Bor\u00e9ade R proporciona hidrata\u00e7\u00e3o e conforto durante o dia \u00e0 pele oleosa e\/ou oleosa causada por tratamentos dermatol\u00f3gicos. &nbsp; APRESENTA\u00c7\u00c3O:\u00a0Bisnaga de 40 ml CNP: 6884528<\/p>\n","protected":false},"featured_media":1066,"comment_status":"open","ping_status":"closed","template":"","meta":{"_acf_changed":false,"_monsterinsights_skip_tracking":false,"_monsterinsights_sitenote_active":false,"_monsterinsights_sitenote_note":"","_monsterinsights_sitenote_category":0},"product_brand":[],"product_cat":[42,57],"product_tag":[],"class_list":{"0":"post-1002","1":"product","2":"type-product","3":"status-publish","4":"has-post-thumbnail","6":"product_cat-acne","7":"product_cat-adultos","9":"first","10":"instock","11":"taxable","12":"shipping-taxable","13":"purchasable","14":"product-type-simple"},"acf":[],"_links":{"self":[{"href":"https:\/\/csportugal.pt\/index.php?rest_route=\/wp\/v2\/product\/1002","targetHints":{"allow":["GET"]}}],"collection":[{"href":"https:\/\/csportugal.pt\/index.php?rest_route=\/wp\/v2\/product"}],"about":[{"href":"https:\/\/csportugal.pt\/index.php?rest_route=\/wp\/v2\/types\/product"}],"replies":[{"embeddable":true,"href":"https:\/\/csportugal.pt\/index.php?rest_route=%2Fwp%2Fv2%2Fcomments&post=1002"}],"wp:featuredmedia":[{"embeddable":true,"href":"https:\/\/csportugal.pt\/index.php?rest_route=\/wp\/v2\/media\/1066"}],"wp:attachment":[{"href":"https:\/\/csportugal.pt\/index.php?rest_route=%2Fwp%2Fv2%2Fmedia&parent=1002"}],"wp:term":[{"taxonomy":"product_brand","embeddable":true,"href":"https:\/\/csportugal.pt\/index.php?rest_route=%2Fwp%2Fv2%2Fproduct_brand&post=1002"},{"taxonomy":"product_cat","embeddable":true,"href":"https:\/\/csportugal.pt\/index.php?rest_route=%2Fwp%2Fv2%2Fproduct_cat&post=1002"},{"taxonomy":"product_tag","embeddable":true,"href":"https:\/\/csportugal.pt\/index.php?rest_route=%2Fwp%2Fv2%2Fproduct_tag&post=1002"}],"curies":[{"name":"wp","href":"https:\/\/api.w.org\/{rel}","templated":true}]}}