{"id":1001,"date":"2024-05-20T21:35:30","date_gmt":"2024-05-20T21:35:30","guid":{"rendered":"https:\/\/sitestriplem.online\/?post_type=product&#038;p=1001"},"modified":"2026-02-12T16:09:18","modified_gmt":"2026-02-12T16:09:18","slug":"boreade-r-stick-labial-reparador-suavizante","status":"publish","type":"product","link":"https:\/\/csportugal.pt\/?product=boreade-r-stick-labial-reparador-suavizante","title":{"rendered":"Bor\u00e9ade R Stick Labial Reparador Suavizante"},"content":{"rendered":"<p><strong>Stick l\u00e1bios reparador suavizante<\/strong><\/p>\n<p>Repara e hidrata intensamente os l\u00e1bios danificados (secos, gretados e irritados) devido a fatores externos ou a secura causada por tratamentos dermatol\u00f3gicos.<\/p>\n<p>&nbsp;<\/p>\n<div class=\"r\">\n<div class=\"s\"><strong><span class=\"a\">APRESENTA\u00c7\u00c3O:\u00a0<\/span><\/strong><span class=\"b\">Stick de 9,2g<\/span><\/div>\n<\/div>\n<div class=\"r\">\n<div class=\"s\"><strong><span class=\"a\">CNP:\u00a0<\/span><\/strong><span class=\"b\">6884510<\/span><\/div>\n<\/div>\n","protected":false},"excerpt":{"rendered":"<p>Stick l\u00e1bios reparador suavizante Repara e hidrata intensamente os l\u00e1bios danificados (secos, gretados e irritados) devido a fatores externos ou a secura causada por tratamentos dermatol\u00f3gicos. &nbsp; APRESENTA\u00c7\u00c3O:\u00a0Stick de 9,2g CNP:\u00a06884510<\/p>\n","protected":false},"featured_media":1063,"comment_status":"open","ping_status":"closed","template":"","meta":{"_acf_changed":false,"_monsterinsights_skip_tracking":false,"_monsterinsights_sitenote_active":false,"_monsterinsights_sitenote_note":"","_monsterinsights_sitenote_category":0},"product_brand":[],"product_cat":[42,57],"product_tag":[],"class_list":{"0":"post-1001","1":"product","2":"type-product","3":"status-publish","4":"has-post-thumbnail","6":"product_cat-acne","7":"product_cat-adultos","9":"first","10":"instock","11":"taxable","12":"shipping-taxable","13":"purchasable","14":"product-type-simple"},"acf":[],"_links":{"self":[{"href":"https:\/\/csportugal.pt\/index.php?rest_route=\/wp\/v2\/product\/1001","targetHints":{"allow":["GET"]}}],"collection":[{"href":"https:\/\/csportugal.pt\/index.php?rest_route=\/wp\/v2\/product"}],"about":[{"href":"https:\/\/csportugal.pt\/index.php?rest_route=\/wp\/v2\/types\/product"}],"replies":[{"embeddable":true,"href":"https:\/\/csportugal.pt\/index.php?rest_route=%2Fwp%2Fv2%2Fcomments&post=1001"}],"wp:featuredmedia":[{"embeddable":true,"href":"https:\/\/csportugal.pt\/index.php?rest_route=\/wp\/v2\/media\/1063"}],"wp:attachment":[{"href":"https:\/\/csportugal.pt\/index.php?rest_route=%2Fwp%2Fv2%2Fmedia&parent=1001"}],"wp:term":[{"taxonomy":"product_brand","embeddable":true,"href":"https:\/\/csportugal.pt\/index.php?rest_route=%2Fwp%2Fv2%2Fproduct_brand&post=1001"},{"taxonomy":"product_cat","embeddable":true,"href":"https:\/\/csportugal.pt\/index.php?rest_route=%2Fwp%2Fv2%2Fproduct_cat&post=1001"},{"taxonomy":"product_tag","embeddable":true,"href":"https:\/\/csportugal.pt\/index.php?rest_route=%2Fwp%2Fv2%2Fproduct_tag&post=1001"}],"curies":[{"name":"wp","href":"https:\/\/api.w.org\/{rel}","templated":true}]}}