{"id":306,"date":"2024-03-20T00:25:42","date_gmt":"2024-03-20T00:25:42","guid":{"rendered":"https:\/\/sitestriplem.online\/?page_id=306"},"modified":"2025-02-16T17:15:01","modified_gmt":"2025-02-16T17:15:01","slug":"quem-somos","status":"publish","type":"page","link":"https:\/\/csportugal.pt\/?page_id=306","title":{"rendered":"Quem Somos"},"content":{"rendered":"\n<p>Desde 1995 que a CS Portugal disponibiliza uma gama de produtos capazes de responder \u00e0s necessidades mais comuns nas consultas de Dermatologia e Pediatria atrav\u00e9s de medicamentos, dispositivos m\u00e9dicos, suplementos alimentares ou produtos dermocosm\u00e9ticos.<\/p>\n\n\n\n<p>Em cada uma destas \u00e1reas apresentamos produtos que oferecem benef\u00edcios significativos de elevada qualidade mediante as necessidades de cada patologia.<\/p>\n\n\n\n<p>A nossa equipa faculta informa\u00e7\u00e3o completa e atualizada dos nossos produtos junto da Classe M\u00e9dica e Farmac\u00eautica e presta um apoio dedicado.<\/p>\n\n\n\n<p>Somos uma empresa socialmente respons\u00e1vel que tem em considera\u00e7\u00e3o, nas decis\u00f5es que toma e na sua atividade, o respeito pelas pessoas, a comunidade onde se insere e o ambiente onde atua. Acreditamos que somos diferentes pelos nossos valores, atitude, postura e qualidade e inova\u00e7\u00e3o dos nossos produtos.<\/p>\n\n\n\n<p>Neste site encontra informa\u00e7\u00e3o para um melhor conhecimento dos produtos e das suas \u00e1reas terap\u00eauticas com a possibilidade de os adquirir online.<\/p>\n\n\n\n<p>Desde 2017 que a CS Portugal integra o grupo Laboratoire Dermatologique ACM, beneficiando da investiga\u00e7\u00e3o e desenvolvimento de produtos inovadores e diferenciados para a Dermatologia.<\/p>\n\n\n\n<p><a href=\"https:\/\/labo-acm.com\/en\/\"><\/a><\/p>\n","protected":false},"excerpt":{"rendered":"<p>Desde 1995 que a CS Portugal disponibiliza uma gama de produtos capazes de responder \u00e0s necessidades mais comuns nas consultas de Dermatologia e Pediatria atrav\u00e9s de medicamentos, dispositivos m\u00e9dicos, suplementos alimentares ou produtos dermocosm\u00e9ticos. Em cada uma destas \u00e1reas apresentamos produtos que oferecem benef\u00edcios significativos de elevada qualidade mediante as necessidades de cada patologia. A [&hellip;]<\/p>\n","protected":false},"author":1,"featured_media":0,"parent":0,"menu_order":0,"comment_status":"closed","ping_status":"closed","template":"","meta":{"_acf_changed":false,"_monsterinsights_skip_tracking":false,"_monsterinsights_sitenote_active":false,"_monsterinsights_sitenote_note":"","_monsterinsights_sitenote_category":0,"footnotes":""},"class_list":["post-306","page","type-page","status-publish","hentry"],"acf":[],"_links":{"self":[{"href":"https:\/\/csportugal.pt\/index.php?rest_route=\/wp\/v2\/pages\/306","targetHints":{"allow":["GET"]}}],"collection":[{"href":"https:\/\/csportugal.pt\/index.php?rest_route=\/wp\/v2\/pages"}],"about":[{"href":"https:\/\/csportugal.pt\/index.php?rest_route=\/wp\/v2\/types\/page"}],"author":[{"embeddable":true,"href":"https:\/\/csportugal.pt\/index.php?rest_route=\/wp\/v2\/users\/1"}],"replies":[{"embeddable":true,"href":"https:\/\/csportugal.pt\/index.php?rest_route=%2Fwp%2Fv2%2Fcomments&post=306"}],"version-history":[{"count":1,"href":"https:\/\/csportugal.pt\/index.php?rest_route=\/wp\/v2\/pages\/306\/revisions"}],"predecessor-version":[{"id":1464,"href":"https:\/\/csportugal.pt\/index.php?rest_route=\/wp\/v2\/pages\/306\/revisions\/1464"}],"wp:attachment":[{"href":"https:\/\/csportugal.pt\/index.php?rest_route=%2Fwp%2Fv2%2Fmedia&parent=306"}],"curies":[{"name":"wp","href":"https:\/\/api.w.org\/{rel}","templated":true}]}}