{"id":3,"date":"2024-02-13T22:41:54","date_gmt":"2024-02-13T22:41:54","guid":{"rendered":"https:\/\/sitestriplem.online\/?page_id=3"},"modified":"2024-03-19T19:48:14","modified_gmt":"2024-03-19T19:48:14","slug":"privacy-policy","status":"publish","type":"page","link":"https:\/\/csportugal.pt\/?page_id=3","title":{"rendered":"Pol\u00edtica de Privacidade"},"content":{"rendered":"\n<p>(Artigos 8\u00ba, 13\u00ba, 14\u00ba e 21\u00ba do Regulamento Geral de Prote\u00e7\u00e3o de Dados \u2013 RGPD)<\/p>\n\n\n\n<p>Esta declara\u00e7\u00e3o tem como objectivo esclarecer quais os dados pessoais que recolhemos na interac\u00e7\u00e3o dos utilizadores com o nosso site, e o modo como efectuamos o seu tratamento, a Cs Portugal \u2013 Produtos Farmac\u00eauticos, Lda., NIPC 503395960, doravante designada Cs Portugal \u2013 Produtos Farmac\u00eauticos, Lda., respeita o direito de privacidade dos titulares de dados\/utilizadores e n\u00e3o recolhe neste website qualquer informa\u00e7\u00e3o pessoal sobre estes sem o seu livre e inequ\u00edvoco consentimento<\/p>\n\n\n\n<h3 class=\"wp-block-heading\">QUE INFORMA\u00c7\u00c3O RECOLHEMOS ACERCA DE SI?<\/h3>\n\n\n\n<p>Recolhemos informa\u00e7\u00e3o acerca de si quando se regista no nosso Website. N\u00f3s tamb\u00e9m recolhemos informa\u00e7\u00e3o sua quando voluntariamente preenche question\u00e1rios ou fornece opini\u00f5es (\u201cfeedback\u201d). A informa\u00e7\u00e3o de uso do Website \u00e9 recolhida usando cookies.<\/p>\n\n\n\n<h3 class=\"wp-block-heading\">DE QUE FORMA USAMOS A INFORMA\u00c7\u00c3O SOBRE SI?<\/h3>\n\n\n\n<p>Os dados recolhidos servem para processar o seu pedido, gerir a sua conta e, se concordar, enviar-lhe por correio eletr\u00f3nico informa\u00e7\u00e3o acerca de outros produtos e servi\u00e7os que pensamos ser do seu interesse. Usamos a informa\u00e7\u00e3o recolhida do Website para personalizar as suas pr\u00f3ximas visitas ao nosso Website.<\/p>\n\n\n\n<h3 class=\"wp-block-heading\">MARKETING<\/h3>\n\n\n\n<p>Os seus dados pessoais poder\u00e3o ser comunicados a terceiros para respeitar ordens provenientes de autoridades p\u00fablicas ou para o exerc\u00edcio de um direito em ju\u00edzo. Se n\u00e3o desejar receber outras ofertas\/promo\u00e7\u00f5es comerciais, nem ser contactado por motivos de marketing, ou se pretender verificar, modificar ou cancelar os seus dados, ou simplesmente opor-se \u00e0 sua utiliza\u00e7\u00e3o, basta enviar-nos um email com a sua inten\u00e7\u00e3o.<\/p>\n\n\n\n<h3 class=\"wp-block-heading\">ACESSO E CORRE\u00c7\u00c3O DA SUA INFORMA\u00c7\u00c3O<\/h3>\n\n\n\n<p>Tem o direito de solicitar uma c\u00f3pia da informa\u00e7\u00e3o que temos acerca de si. Se quiser solicitar uma c\u00f3pia da informa\u00e7\u00e3o parcial ou total da sua informa\u00e7\u00e3o retida por n\u00f3s, por favor envie-nos um email. Poderemos cobrar um valor pequeno por este servi\u00e7o.<\/p>\n\n\n\n<p>Queremos ter a certeza da exatid\u00e3o e fiabilidade da informa\u00e7\u00e3o que retemos acerca de si. Pode-nos solicitar a corre\u00e7\u00e3o ou remo\u00e7\u00e3o da informa\u00e7\u00e3o que n\u00e3o esteja atualizada.<\/p>\n\n\n\n<h3 class=\"wp-block-heading\">COOKIES<\/h3>\n\n\n\n<p>S\u00e3o pequenos ficheiros de texto guardados no seu computador que servem para recolher informa\u00e7\u00e3o acerca do seu dispositivo e informa\u00e7\u00e3o acerca da sua experi\u00eancia de utiliza\u00e7\u00e3o. Esta informa\u00e7\u00e3o \u00e9 usada para registar o n\u00famero de visitas efetuadas e compilar informa\u00e7\u00e3o estat\u00edstica acerca da atividade do Website.<\/p>\n\n\n\n<p>Tipos de Cookies consoante a entidade que os gere:<\/p>\n\n\n\n<p>Cookies pr\u00f3prios: um cookie gerido por este dom\u00ednio \/ website.<\/p>\n\n\n\n<p>Cookies de terceiros: um cookie gerido por outro dom\u00ednio \/ website.<\/p>\n\n\n\n<p>Cookies persistentes: a informa\u00e7\u00e3o do cookie encontra-se armazenada de forma permanente no seu equipamento.<\/p>\n\n\n\n<p>Cookies de sess\u00e3o: a informa\u00e7\u00e3o do cookie n\u00e3o se encontra armazenada de forma permanente no seu equipamento.<\/p>\n\n\n\n<p>O nosso website usa cookies de sess\u00e3o (\u201csession cookies\u201d) e cookies pr\u00f3prios (\u201cfirst-party cookies\u201d) bem como cookies persistentes (\u201cpersistent cookies\u201d) e cookies de terceiros (\u201cthird-party cookies\u201d).<\/p>\n\n\n\n<p>Tipos de cookies consoante a finalidade de utiliza\u00e7\u00e3o:<\/p>\n\n\n\n<p>Cookies t\u00e9cnicos: s\u00e3o aqueles que permitem navegar atrav\u00e9s de um dom\u00ednio \/ website, utilizando as diferentes op\u00e7\u00f5es ou servi\u00e7os como, por exemplo, identificar a sess\u00e3o, aceder a \u00e1reas de acesso restrito e realizar o processo de um pedido de compra.<\/p>\n\n\n\n<p>Cookies de personaliza\u00e7\u00e3o: s\u00e3o aqueles que permitem aceder ao dom\u00ednio \/ website com algumas caracter\u00edsticas predefinidos em fun\u00e7\u00e3o de um conjunto de decis\u00f5es tomadas, como por exemplo a l\u00edngua utilizada.<\/p>\n\n\n\n<p>Cookies de an\u00e1lise: s\u00e3o aqueles que permitem a monitoriza\u00e7\u00e3o e an\u00e1lise do comportamento dos utilizadores de websites aos quais est\u00e3o vinculados. A informa\u00e7\u00e3o recolhida atrav\u00e9s de tais cookies \u00e9 usada, por exemplo, para medir a atividade dos websites e elaborar perfis de navega\u00e7\u00e3o. A informa\u00e7\u00e3o relativa aos cookies \u00e9 controlada e acedida pelo propriet\u00e1rio do Website.<\/p>\n\n\n\n<p>De acordo com a informa\u00e7\u00e3o acima fornecida, como utilizador, est\u00e1 a consentir expressamente o uso dos cookies de que se fez refer\u00eancia para os fins previstos para cada um dos mesmos.<\/p>\n\n\n\n<p>Informa\u00e7\u00e3o espec\u00edfica sobre os cookies de terceiros Google Analytics pode ser obtida atrav\u00e9s do endere\u00e7o https:\/\/developers.google.com\/analytics\/devguides\/collection\/analyticsjs\/cookie-usage e do servi\u00e7o AddThis atrav\u00e9s do endere\u00e7o http:\/\/www.addthis.com\/privacy<\/p>\n\n\n\n<p>N\u00e3o nos responsabilizamos pelo conte\u00fado e exatid\u00e3o dos termos e condi\u00e7\u00f5es de uso, das pol\u00edticas de privacidade e pol\u00edticas de cookies de terceiros referidos anteriormente.<\/p>\n\n\n\n<p>Pode obter mais informa\u00e7\u00e3o visitando www.aboutcookies.org ou www.allaboutcookies.org.<\/p>\n\n\n\n<p>Pode configurar o seu browser para n\u00e3o aceitar cookies e os websites mencionados anteriormente explicam-lhe como pode remov\u00ea-los. No entanto, a n\u00e3o aceita\u00e7\u00e3o de cookies, pode resultar na execu\u00e7\u00e3o incorreto de algumas funcionalidades do Website.<\/p>\n\n\n\n<p>Nenhum dos cookies usados \u00e9 essencial para a utiliza\u00e7\u00e3o do Website, para uma funcionalidade em particular ou para o melhoramento do desempenho do Website.<\/p>\n\n\n\n<p>A utiliza\u00e7\u00e3o de cookies pela nossa empresa tem os objetivos de analisar o uso do Website e permitir-lhe ter uma experi\u00eancia de navega\u00e7\u00e3o sem problemas; em momento algum recolhemos Dados Pessoais atrav\u00e9s de cookies.<\/p>\n\n\n\n<p>Os cookies n\u00e3o ser\u00e3o usados para nenhum outro prop\u00f3sito dos mencionados no ponto anterior.<\/p>\n\n\n\n<h3 class=\"wp-block-heading\">OUTROS WEBSITES<\/h3>\n\n\n\n<p>Este Website pode conter links para outros websites. Este comunicado de privacidade apenas se aplica a este Website. Deve ler as pol\u00edticas de privacidade dos outros websites.<\/p>\n\n\n\n<h3 class=\"wp-block-heading\">SEGURAN\u00c7A<\/h3>\n\n\n\n<p>Temos implementadas medidas t\u00e9cnicas e organizacionais adequadas para proteger os seus dados contra perda, modifica\u00e7\u00e3o, roubo ou o acesso por terceiros. Os nossos procedimentos de seguran\u00e7a s\u00e3o regularmente melhorados, de modo a reflectir o progresso tecnol\u00f3gico.<\/p>\n\n\n\n<h3 class=\"wp-block-heading\">ALTERA\u00c7\u00d5ES A ESTE COMUNICADO DE PRIVACIDADE<\/h3>\n\n\n\n<p>As nossas pol\u00edticas de privacidade s\u00e3o revistas regularmente e todas as altera\u00e7\u00f5es ser\u00e3o publicadas neste Website.<\/p>\n\n\n\n<h3 class=\"wp-block-heading\">CONTACTOS<\/h3>\n\n\n\n<p>Se tiver alguma quest\u00e3o acerca da nossa pol\u00edtica de privacidade ou da informa\u00e7\u00e3o que temos sobre si, envie-nos um email para esclarecimentos.<\/p>\n","protected":false},"excerpt":{"rendered":"<p>(Artigos 8\u00ba, 13\u00ba, 14\u00ba e 21\u00ba do Regulamento Geral de Prote\u00e7\u00e3o de Dados \u2013 RGPD) Esta declara\u00e7\u00e3o tem como objectivo esclarecer quais os dados pessoais que recolhemos na interac\u00e7\u00e3o dos utilizadores com o nosso site, e o modo como efectuamos o seu tratamento, a Cs Portugal \u2013 Produtos Farmac\u00eauticos, Lda., NIPC 503395960, doravante designada Cs [&hellip;]<\/p>\n","protected":false},"author":1,"featured_media":0,"parent":0,"menu_order":0,"comment_status":"closed","ping_status":"open","template":"","meta":{"_acf_changed":false,"_monsterinsights_skip_tracking":false,"_monsterinsights_sitenote_active":false,"_monsterinsights_sitenote_note":"","_monsterinsights_sitenote_category":0,"footnotes":""},"class_list":["post-3","page","type-page","status-publish","hentry"],"acf":[],"_links":{"self":[{"href":"https:\/\/csportugal.pt\/index.php?rest_route=\/wp\/v2\/pages\/3","targetHints":{"allow":["GET"]}}],"collection":[{"href":"https:\/\/csportugal.pt\/index.php?rest_route=\/wp\/v2\/pages"}],"about":[{"href":"https:\/\/csportugal.pt\/index.php?rest_route=\/wp\/v2\/types\/page"}],"author":[{"embeddable":true,"href":"https:\/\/csportugal.pt\/index.php?rest_route=\/wp\/v2\/users\/1"}],"replies":[{"embeddable":true,"href":"https:\/\/csportugal.pt\/index.php?rest_route=%2Fwp%2Fv2%2Fcomments&post=3"}],"version-history":[{"count":0,"href":"https:\/\/csportugal.pt\/index.php?rest_route=\/wp\/v2\/pages\/3\/revisions"}],"wp:attachment":[{"href":"https:\/\/csportugal.pt\/index.php?rest_route=%2Fwp%2Fv2%2Fmedia&parent=3"}],"curies":[{"name":"wp","href":"https:\/\/api.w.org\/{rel}","templated":true}]}}