{"id":1535,"date":"2025-02-27T23:50:30","date_gmt":"2025-02-27T23:50:30","guid":{"rendered":"https:\/\/csportugal.pt\/new\/?page_id=1535"},"modified":"2025-02-28T16:30:26","modified_gmt":"2025-02-28T16:30:26","slug":"rosacea","status":"publish","type":"page","link":"https:\/\/csportugal.pt\/?page_id=1535","title":{"rendered":"Ros\u00e1cea"},"content":{"rendered":"\t\t<div data-elementor-type=\"wp-page\" data-elementor-id=\"1535\" class=\"elementor elementor-1535\" data-elementor-post-type=\"page\">\n\t\t\t\t<div class=\"elementor-element elementor-element-b8bb84a e-flex e-con-boxed e-con e-parent\" data-id=\"b8bb84a\" data-element_type=\"container\" data-settings=\"{&quot;background_background&quot;:&quot;classic&quot;}\">\n\t\t\t\t\t<div class=\"e-con-inner\">\n\t\t<div class=\"elementor-element elementor-element-d22d2a7 e-con-full e-flex e-con e-child\" data-id=\"d22d2a7\" data-element_type=\"container\">\n\t\t\t\t<div class=\"elementor-element elementor-element-b1da89b elementor-invisible elementor-widget elementor-widget-image\" data-id=\"b1da89b\" data-element_type=\"widget\" data-settings=\"{&quot;_animation&quot;:&quot;fadeIn&quot;}\" data-widget_type=\"image.default\">\n\t\t\t\t<div class=\"elementor-widget-container\">\n\t\t\t\t\t\t\t\t\t\t\t\t\t\t\t<img fetchpriority=\"high\" decoding=\"async\" width=\"800\" height=\"800\" src=\"https:\/\/csportugal.pt\/wp-content\/uploads\/2025\/02\/rosacea1.jpg\" class=\"attachment-large size-large wp-image-1611\" alt=\"\" srcset=\"https:\/\/csportugal.pt\/wp-content\/uploads\/2025\/02\/rosacea1.jpg 1024w, https:\/\/csportugal.pt\/wp-content\/uploads\/2025\/02\/rosacea1-300x300.jpg 300w, https:\/\/csportugal.pt\/wp-content\/uploads\/2025\/02\/rosacea1-150x150.jpg 150w, https:\/\/csportugal.pt\/wp-content\/uploads\/2025\/02\/rosacea1-768x768.jpg 768w, https:\/\/csportugal.pt\/wp-content\/uploads\/2025\/02\/rosacea1-600x600.jpg 600w, https:\/\/csportugal.pt\/wp-content\/uploads\/2025\/02\/rosacea1-100x100.jpg 100w\" sizes=\"(max-width: 800px) 100vw, 800px\" \/>\t\t\t\t\t\t\t\t\t\t\t\t\t\t\t<\/div>\n\t\t\t\t<\/div>\n\t\t\t\t<div class=\"elementor-element elementor-element-8363edc elementor-widget__width-auto elementor-absolute elementor-invisible elementor-widget elementor-widget-image\" data-id=\"8363edc\" data-element_type=\"widget\" data-settings=\"{&quot;_position&quot;:&quot;absolute&quot;,&quot;_animation&quot;:&quot;fadeIn&quot;,&quot;_animation_delay&quot;:200}\" data-widget_type=\"image.default\">\n\t\t\t\t<div class=\"elementor-widget-container\">\n\t\t\t\t\t\t\t\t\t\t\t\t\t\t\t<img decoding=\"async\" width=\"800\" height=\"800\" src=\"https:\/\/csportugal.pt\/wp-content\/uploads\/2025\/02\/rosacea2.jpg\" class=\"attachment-large size-large wp-image-1612\" alt=\"\" srcset=\"https:\/\/csportugal.pt\/wp-content\/uploads\/2025\/02\/rosacea2.jpg 1024w, https:\/\/csportugal.pt\/wp-content\/uploads\/2025\/02\/rosacea2-300x300.jpg 300w, https:\/\/csportugal.pt\/wp-content\/uploads\/2025\/02\/rosacea2-150x150.jpg 150w, https:\/\/csportugal.pt\/wp-content\/uploads\/2025\/02\/rosacea2-768x768.jpg 768w, https:\/\/csportugal.pt\/wp-content\/uploads\/2025\/02\/rosacea2-600x600.jpg 600w, https:\/\/csportugal.pt\/wp-content\/uploads\/2025\/02\/rosacea2-100x100.jpg 100w\" sizes=\"(max-width: 800px) 100vw, 800px\" \/>\t\t\t\t\t\t\t\t\t\t\t\t\t\t\t<\/div>\n\t\t\t\t<\/div>\n\t\t\t\t<\/div>\n\t\t<div class=\"elementor-element elementor-element-f4996f8 e-con-full e-flex e-con e-child\" data-id=\"f4996f8\" data-element_type=\"container\">\n\t\t\t\t<div class=\"elementor-element elementor-element-409eda6 elementor-widget elementor-widget-heading\" data-id=\"409eda6\" data-element_type=\"widget\" data-widget_type=\"heading.default\">\n\t\t\t\t<div class=\"elementor-widget-container\">\n\t\t\t\t\t<h2 class=\"elementor-heading-title elementor-size-default\">Ros\u00e1cea<\/h2>\t\t\t\t<\/div>\n\t\t\t\t<\/div>\n\t\t\t\t<div class=\"elementor-element elementor-element-7374b98 elementor-widget-tablet__width-initial elementor-widget-mobile__width-inherit elementor-widget elementor-widget-text-editor\" data-id=\"7374b98\" data-element_type=\"widget\" data-widget_type=\"text-editor.default\">\n\t\t\t\t<div class=\"elementor-widget-container\">\n\t\t\t\t\t\t\t\t\t<p>Afrontamentos, eritrose, couperose, ros\u00e1cea, estas vermelhid\u00f5es s\u00e3o a marca de certas peles sens\u00edveis caracterizadas pela reatividade excessiva dos vasos cut\u00e2neos. Portanto, as peles sens\u00edveis, qualquer que seja o seu tipo, reagem muito rapidamente a determinados fatores como o vento, o frio, a dieta picante, os produtos irritantes ou inadequados, entre outros.<u><\/u><u><\/u><\/p><p>Embora inicialmente seja tempor\u00e1ria e pouco problem\u00e1tica, se n\u00e3o for levada a s\u00e9rio, esta vermelhid\u00e3o pode tornar-se permanente, desagrad\u00e1vel e persistir com a idade. \u00c9 importante agir logo que surjam os primeiros sinais, utilizando produtos de cuidado da pele adequados a peles sens\u00edveis e reativas, para que a vermelhid\u00e3o n\u00e3o se torne permanente e n\u00e3o se agrave.<u><\/u><u><\/u><\/p><p>A gama\u00a0<span class=\"il\">Rosakalm<\/span>\u00a0oferece solu\u00e7\u00f5es eficazes anti-vermelhid\u00e3o, que respeitam a pele e podem ser utilizadas em combina\u00e7\u00e3o com tratamentos dermatol\u00f3gicos.<\/p>\t\t\t\t\t\t\t\t<\/div>\n\t\t\t\t<\/div>\n\t\t\t\t<\/div>\n\t\t\t\t\t<\/div>\n\t\t\t\t<\/div>\n\t\t<div class=\"elementor-element elementor-element-959e957 e-flex e-con-boxed e-con e-parent\" data-id=\"959e957\" data-element_type=\"container\" data-settings=\"{&quot;background_background&quot;:&quot;classic&quot;}\">\n\t\t\t\t\t<div class=\"e-con-inner\">\n\t\t<div class=\"elementor-element elementor-element-07692b9 e-con-full e-flex e-con e-child\" data-id=\"07692b9\" data-element_type=\"container\">\n\t\t\t\t<div class=\"elementor-element elementor-element-0f55d73 elementor-widget elementor-widget-heading\" data-id=\"0f55d73\" data-element_type=\"widget\" data-widget_type=\"heading.default\">\n\t\t\t\t<div class=\"elementor-widget-container\">\n\t\t\t\t\t<h2 class=\"elementor-heading-title elementor-size-default\">Rosakalm<\/h2>\t\t\t\t<\/div>\n\t\t\t\t<\/div>\n\t\t<div class=\"elementor-element elementor-element-7c05cce e-con-full e-flex e-con e-child\" data-id=\"7c05cce\" data-element_type=\"container\">\n\t\t\t\t<div class=\"elementor-element elementor-element-7207160 elementor-widget-tablet__width-initial elementor-widget-mobile__width-inherit elementor-widget elementor-widget-text-editor\" data-id=\"7207160\" data-element_type=\"widget\" data-widget_type=\"text-editor.default\">\n\t\t\t\t<div class=\"elementor-widget-container\">\n\t\t\t\t\t\t\t\t\t<p>A gama\u00a0<span class=\"il\">Rosakalm<\/span>\u00a0acalma e protege a pele sens\u00edvel e reativa<u><\/u><u><\/u><\/p><p>Os produtos foram formulados para satisfazer as necessidades espec\u00edficas da pele sens\u00edvel e suscet\u00edvel \u00e0 vermelhid\u00e3o.<u><\/u><u><\/u><\/p><p><span class=\"il\">Rosakalm<\/span>\u00a0\u00e9 uma linha desenvolvida para combater a hipersensibilidade e melhorar a toler\u00e2ncia da pele. Os produtos de cuidado da pele foram desenvolvidos especificamente para diminuir a vermelhid\u00e3o, aliviar de forma imediata e duradoura o desconforto, proporcionando prote\u00e7\u00e3o di\u00e1ria e limpando suavemente a pele.<\/p>\t\t\t\t\t\t\t\t<\/div>\n\t\t\t\t<\/div>\n\t\t\t\t<\/div>\n\t\t\t\t<\/div>\n\t\t<div class=\"elementor-element elementor-element-6d3342c e-con-full e-flex e-con e-child\" data-id=\"6d3342c\" data-element_type=\"container\">\n\t\t\t\t<div class=\"elementor-element elementor-element-8fecc92 elementor-widget elementor-widget-image\" data-id=\"8fecc92\" data-element_type=\"widget\" data-widget_type=\"image.default\">\n\t\t\t\t<div class=\"elementor-widget-container\">\n\t\t\t\t\t\t\t\t\t\t\t\t\t\t\t<img decoding=\"async\" width=\"768\" height=\"739\" src=\"https:\/\/csportugal.pt\/wp-content\/uploads\/2025\/02\/rosakalm_family.jpg\" class=\"attachment-large size-large wp-image-1604\" alt=\"\" srcset=\"https:\/\/csportugal.pt\/wp-content\/uploads\/2025\/02\/rosakalm_family.jpg 768w, https:\/\/csportugal.pt\/wp-content\/uploads\/2025\/02\/rosakalm_family-300x289.jpg 300w, https:\/\/csportugal.pt\/wp-content\/uploads\/2025\/02\/rosakalm_family-600x577.jpg 600w\" sizes=\"(max-width: 768px) 100vw, 768px\" \/>\t\t\t\t\t\t\t\t\t\t\t\t\t\t\t<\/div>\n\t\t\t\t<\/div>\n\t\t\t\t<\/div>\n\t\t\t\t\t<\/div>\n\t\t\t\t<\/div>\n\t\t<div class=\"elementor-element elementor-element-b051b59 e-flex e-con-boxed e-con e-parent\" data-id=\"b051b59\" data-element_type=\"container\">\n\t\t\t\t\t<div class=\"e-con-inner\">\n\t\t\t\t<div class=\"elementor-element elementor-element-960911a elementor-widget elementor-widget-heading\" data-id=\"960911a\" data-element_type=\"widget\" data-widget_type=\"heading.default\">\n\t\t\t\t<div class=\"elementor-widget-container\">\n\t\t\t\t\t<h1 class=\"elementor-heading-title elementor-size-default\">Os Produtos<\/h1>\t\t\t\t<\/div>\n\t\t\t\t<\/div>\n\t\t\t\t<div class=\"elementor-element elementor-element-47055cc elementor-widget elementor-widget-heading\" data-id=\"47055cc\" data-element_type=\"widget\" data-widget_type=\"heading.default\">\n\t\t\t\t<div class=\"elementor-widget-container\">\n\t\t\t\t\t<h2 class=\"elementor-heading-title elementor-size-default\">Visualize aqui os produtos CS Portugal<\/h2>\t\t\t\t<\/div>\n\t\t\t\t<\/div>\n\t\t\t\t<div class=\"elementor-element elementor-element-2fe49bf elementor-widget elementor-widget-heading\" data-id=\"2fe49bf\" data-element_type=\"widget\" data-widget_type=\"heading.default\">\n\t\t\t\t<div class=\"elementor-widget-container\">\n\t\t\t\t\t<h2 class=\"elementor-heading-title elementor-size-default\">Ros\u00e1cea<\/h2>\t\t\t\t<\/div>\n\t\t\t\t<\/div>\n\t\t\t\t\t<\/div>\n\t\t\t\t<\/div>\n\t\t<div class=\"elementor-element elementor-element-a301b11 e-flex e-con-boxed e-con e-parent\" data-id=\"a301b11\" data-element_type=\"container\">\n\t\t\t\t\t<div class=\"e-con-inner\">\n\t\t\t\t<div class=\"elementor-element elementor-element-1efa877 elementor-product-loop-item--align-center elementor-grid-mobile-1 elementor-grid-4 elementor-grid-tablet-3 elementor-products-grid elementor-wc-products elementor-show-pagination-border-yes elementor-widget elementor-widget-woocommerce-products\" data-id=\"1efa877\" data-element_type=\"widget\" data-widget_type=\"woocommerce-products.default\">\n\t\t\t\t<div class=\"elementor-widget-container\">\n\t\t\t\t\t<div class=\"woocommerce columns-4 \"><div class=\"woocommerce-notices-wrapper\"><\/div><ul class=\"products elementor-grid columns-4\">\n<li class=\"product type-product post-1480 status-publish first instock product_cat-rosacea has-post-thumbnail taxable shipping-taxable purchasable product-type-simple\">\n\t<a href=\"https:\/\/csportugal.pt\/?product=rosakalm-agua-micelar\" class=\"woocommerce-LoopProduct-link woocommerce-loop-product__link\"><img loading=\"lazy\" decoding=\"async\" width=\"300\" height=\"300\" src=\"https:\/\/csportugal.pt\/wp-content\/uploads\/2025\/01\/rosakalma_aguamicelar-300x300.jpg\" class=\"attachment-woocommerce_thumbnail size-woocommerce_thumbnail\" alt=\"Rosakalm \u00c1gua Micelar\" srcset=\"https:\/\/csportugal.pt\/wp-content\/uploads\/2025\/01\/rosakalma_aguamicelar-300x300.jpg 300w, https:\/\/csportugal.pt\/wp-content\/uploads\/2025\/01\/rosakalma_aguamicelar-150x150.jpg 150w, https:\/\/csportugal.pt\/wp-content\/uploads\/2025\/01\/rosakalma_aguamicelar-600x600.jpg 600w, https:\/\/csportugal.pt\/wp-content\/uploads\/2025\/01\/rosakalma_aguamicelar-100x100.jpg 100w, https:\/\/csportugal.pt\/wp-content\/uploads\/2025\/01\/rosakalma_aguamicelar.jpg 768w\" sizes=\"(max-width: 300px) 100vw, 300px\" \/><h2 class=\"woocommerce-loop-product__title\">Rosakalm \u00c1gua Micelar<\/h2>\n\t<span class=\"price\"><span class=\"woocommerce-Price-amount amount\"><bdi>14,03&nbsp;<span class=\"woocommerce-Price-currencySymbol\">&euro;<\/span><\/bdi><\/span><\/span>\n<\/a><a href=\"\/index.php?rest_route=%2Fwp%2Fv2%2Fpages%2F1535&#038;add-to-cart=1480\" aria-describedby=\"woocommerce_loop_add_to_cart_link_describedby_1480\" data-quantity=\"1\" class=\"button product_type_simple add_to_cart_button ajax_add_to_cart\" data-product_id=\"1480\" data-product_sku=\"\" aria-label=\"Adiciona ao carrinho: &ldquo;Rosakalm \u00c1gua Micelar&rdquo;\" rel=\"nofollow\" data-success_message=\"&ldquo;Rosakalm \u00c1gua Micelar&rdquo; foi adicionado ao seu carrinho\" role=\"button\">Adicionar<\/a>\t<span id=\"woocommerce_loop_add_to_cart_link_describedby_1480\" class=\"screen-reader-text\">\n\t\t\t<\/span>\n<\/li>\n<li class=\"product type-product post-1475 status-publish instock product_cat-rosacea has-post-thumbnail taxable shipping-taxable purchasable product-type-simple\">\n\t<a href=\"https:\/\/csportugal.pt\/?product=rosakalm-creme-antivermelhidao\" class=\"woocommerce-LoopProduct-link woocommerce-loop-product__link\"><img loading=\"lazy\" decoding=\"async\" width=\"300\" height=\"300\" src=\"https:\/\/csportugal.pt\/wp-content\/uploads\/2025\/01\/rosakalm_antivermelhidao-300x300.jpg\" class=\"attachment-woocommerce_thumbnail size-woocommerce_thumbnail\" alt=\"Rosakalm Creme Antivermelhid\u00e3o\" srcset=\"https:\/\/csportugal.pt\/wp-content\/uploads\/2025\/01\/rosakalm_antivermelhidao-300x300.jpg 300w, https:\/\/csportugal.pt\/wp-content\/uploads\/2025\/01\/rosakalm_antivermelhidao-150x150.jpg 150w, https:\/\/csportugal.pt\/wp-content\/uploads\/2025\/01\/rosakalm_antivermelhidao-600x600.jpg 600w, https:\/\/csportugal.pt\/wp-content\/uploads\/2025\/01\/rosakalm_antivermelhidao-100x100.jpg 100w, https:\/\/csportugal.pt\/wp-content\/uploads\/2025\/01\/rosakalm_antivermelhidao.jpg 768w\" sizes=\"(max-width: 300px) 100vw, 300px\" \/><h2 class=\"woocommerce-loop-product__title\">Rosakalm Creme Antivermelhid\u00e3o<\/h2>\n\t<span class=\"price\"><span class=\"woocommerce-Price-amount amount\"><bdi>21,12&nbsp;<span class=\"woocommerce-Price-currencySymbol\">&euro;<\/span><\/bdi><\/span><\/span>\n<\/a><a href=\"\/index.php?rest_route=%2Fwp%2Fv2%2Fpages%2F1535&#038;add-to-cart=1475\" aria-describedby=\"woocommerce_loop_add_to_cart_link_describedby_1475\" data-quantity=\"1\" class=\"button product_type_simple add_to_cart_button ajax_add_to_cart\" data-product_id=\"1475\" data-product_sku=\"\" aria-label=\"Adiciona ao carrinho: &ldquo;Rosakalm Creme Antivermelhid\u00e3o&rdquo;\" rel=\"nofollow\" data-success_message=\"&ldquo;Rosakalm Creme Antivermelhid\u00e3o&rdquo; foi adicionado ao seu carrinho\" role=\"button\">Adicionar<\/a>\t<span id=\"woocommerce_loop_add_to_cart_link_describedby_1475\" class=\"screen-reader-text\">\n\t\t\t<\/span>\n<\/li>\n<li class=\"product type-product post-314 status-publish instock product_cat-acne product_cat-adultos product_cat-dermocosmetica product_cat-hiperpigmentacao product_cat-rosacea has-post-thumbnail taxable shipping-taxable purchasable product-type-simple\">\n\t<a href=\"https:\/\/csportugal.pt\/?product=azeane-creme\" class=\"woocommerce-LoopProduct-link woocommerce-loop-product__link\"><img loading=\"lazy\" decoding=\"async\" width=\"300\" height=\"300\" src=\"https:\/\/csportugal.pt\/wp-content\/uploads\/2024\/03\/azeane-creme-acm-768x768-1-300x300.jpg\" class=\"attachment-woocommerce_thumbnail size-woocommerce_thumbnail\" alt=\"Az\u00e9ane Creme\" srcset=\"https:\/\/csportugal.pt\/wp-content\/uploads\/2024\/03\/azeane-creme-acm-768x768-1-300x300.jpg 300w, https:\/\/csportugal.pt\/wp-content\/uploads\/2024\/03\/azeane-creme-acm-768x768-1-100x100.jpg 100w, https:\/\/csportugal.pt\/wp-content\/uploads\/2024\/03\/azeane-creme-acm-768x768-1-600x600.jpg 600w, https:\/\/csportugal.pt\/wp-content\/uploads\/2024\/03\/azeane-creme-acm-768x768-1-150x150.jpg 150w, https:\/\/csportugal.pt\/wp-content\/uploads\/2024\/03\/azeane-creme-acm-768x768-1.jpg 768w\" sizes=\"(max-width: 300px) 100vw, 300px\" \/><h2 class=\"woocommerce-loop-product__title\">Az\u00e9ane Creme<\/h2>\n\t<span class=\"price\"><span class=\"woocommerce-Price-amount amount\"><bdi>24,17&nbsp;<span class=\"woocommerce-Price-currencySymbol\">&euro;<\/span><\/bdi><\/span><\/span>\n<\/a><a href=\"\/index.php?rest_route=%2Fwp%2Fv2%2Fpages%2F1535&#038;add-to-cart=314\" aria-describedby=\"woocommerce_loop_add_to_cart_link_describedby_314\" data-quantity=\"1\" class=\"button product_type_simple add_to_cart_button ajax_add_to_cart\" data-product_id=\"314\" data-product_sku=\"\" aria-label=\"Adiciona ao carrinho: &ldquo;Az\u00e9ane Creme&rdquo;\" rel=\"nofollow\" data-success_message=\"&ldquo;Az\u00e9ane Creme&rdquo; foi adicionado ao seu carrinho\" role=\"button\">Adicionar<\/a>\t<span id=\"woocommerce_loop_add_to_cart_link_describedby_314\" class=\"screen-reader-text\">\n\t\t\t<\/span>\n<\/li>\n<\/ul>\n<\/div>\t\t\t\t<\/div>\n\t\t\t\t<\/div>\n\t\t\t\t\t<\/div>\n\t\t\t\t<\/div>\n\t\t\t\t<\/div>\n\t\t","protected":false},"excerpt":{"rendered":"<p>Ros\u00e1cea Afrontamentos, eritrose, couperose, ros\u00e1cea, estas vermelhid\u00f5es s\u00e3o a marca de certas peles sens\u00edveis caracterizadas pela reatividade excessiva dos vasos cut\u00e2neos. Portanto, as peles sens\u00edveis, qualquer que seja o seu tipo, reagem muito rapidamente a determinados fatores como o vento, o frio, a dieta picante, os produtos irritantes ou inadequados, entre outros. Embora inicialmente seja [&hellip;]<\/p>\n","protected":false},"author":1,"featured_media":0,"parent":0,"menu_order":0,"comment_status":"closed","ping_status":"closed","template":"","meta":{"_acf_changed":false,"_monsterinsights_skip_tracking":false,"_monsterinsights_sitenote_active":false,"_monsterinsights_sitenote_note":"","_monsterinsights_sitenote_category":0,"footnotes":""},"class_list":["post-1535","page","type-page","status-publish","hentry"],"acf":[],"_links":{"self":[{"href":"https:\/\/csportugal.pt\/index.php?rest_route=\/wp\/v2\/pages\/1535","targetHints":{"allow":["GET"]}}],"collection":[{"href":"https:\/\/csportugal.pt\/index.php?rest_route=\/wp\/v2\/pages"}],"about":[{"href":"https:\/\/csportugal.pt\/index.php?rest_route=\/wp\/v2\/types\/page"}],"author":[{"embeddable":true,"href":"https:\/\/csportugal.pt\/index.php?rest_route=\/wp\/v2\/users\/1"}],"replies":[{"embeddable":true,"href":"https:\/\/csportugal.pt\/index.php?rest_route=%2Fwp%2Fv2%2Fcomments&post=1535"}],"version-history":[{"count":10,"href":"https:\/\/csportugal.pt\/index.php?rest_route=\/wp\/v2\/pages\/1535\/revisions"}],"predecessor-version":[{"id":1615,"href":"https:\/\/csportugal.pt\/index.php?rest_route=\/wp\/v2\/pages\/1535\/revisions\/1615"}],"wp:attachment":[{"href":"https:\/\/csportugal.pt\/index.php?rest_route=%2Fwp%2Fv2%2Fmedia&parent=1535"}],"curies":[{"name":"wp","href":"https:\/\/api.w.org\/{rel}","templated":true}]}}