{"id":1360,"date":"2024-10-15T15:14:26","date_gmt":"2024-10-15T15:14:26","guid":{"rendered":"https:\/\/csportugal.pt\/new\/?page_id=1360"},"modified":"2025-04-24T16:33:40","modified_gmt":"2025-04-24T16:33:40","slug":"carrinho","status":"publish","type":"page","link":"https:\/\/csportugal.pt\/?page_id=1360","title":{"rendered":"Carrinho"},"content":{"rendered":"\t\t<div data-elementor-type=\"wp-page\" data-elementor-id=\"1360\" class=\"elementor elementor-1360\" data-elementor-post-type=\"page\">\n\t\t\t\t<div class=\"elementor-element elementor-element-e263baa e-flex e-con-boxed e-con e-parent\" data-id=\"e263baa\" data-element_type=\"container\">\n\t\t\t\t\t<div class=\"e-con-inner\">\n\t\t\t\t<div class=\"elementor-element elementor-element-b8dd5a5 elementor-widget elementor-widget-heading\" data-id=\"b8dd5a5\" data-element_type=\"widget\" data-widget_type=\"heading.default\">\n\t\t\t\t<div class=\"elementor-widget-container\">\n\t\t\t\t\t<h1 class=\"elementor-heading-title elementor-size-default\">Carrinho<\/h1>\t\t\t\t<\/div>\n\t\t\t\t<\/div>\n\t\t\t\t<div class=\"elementor-element elementor-element-b2545ae e-cart-layout-two-column elementor-widget elementor-widget-woocommerce-cart\" data-id=\"b2545ae\" data-element_type=\"widget\" data-widget_type=\"woocommerce-cart.default\">\n\t\t\t\t<div class=\"elementor-widget-container\">\n\t\t\t\t\t<div class=\"woocommerce\"><div class=\"woocommerce-notices-wrapper\"><\/div><div class=\"wc-empty-cart-message\">\n\t<div class=\"cart-empty woocommerce-info\" role=\"status\">\n\t\tO seu carrinho est\u00e1 vazio.\t<\/div>\n<\/div>\t<p class=\"return-to-shop\">\n\t\t<a class=\"button wc-backward\" href=\"https:\/\/csportugal.pt\/?page_id=429\">\n\t\t\tVoltar para a loja\t\t<\/a>\n\t<\/p>\n<\/div>\t\t\t\t<\/div>\n\t\t\t\t<\/div>\n\t\t\t\t\t<\/div>\n\t\t\t\t<\/div>\n\t\t\t\t<\/div>\n\t\t","protected":false},"excerpt":{"rendered":"<p>Carrinho Remover este item Imagem em miniatura Produto Pre\u00e7o Quantidade Subtotal &times; D\u00e9piwhite Gel Contorno de Olhos 26,48&nbsp;&euro; Quantidade de D\u00e9piwhite Gel Contorno de Olhos 26,48&nbsp;&euro; (com IVA) Update Cart Aplicar Cup\u00e3o Total Subtotal 26,48&nbsp;&euro; (com IVA) Envio N\u00e3o foram encontradas op\u00e7\u00f5es de envio para caxias. Introduza um endere\u00e7o diferente Country \/ region Seleccione um [&hellip;]<\/p>\n","protected":false},"author":1,"featured_media":0,"parent":0,"menu_order":0,"comment_status":"closed","ping_status":"closed","template":"","meta":{"_acf_changed":false,"_monsterinsights_skip_tracking":false,"_monsterinsights_sitenote_active":false,"_monsterinsights_sitenote_note":"","_monsterinsights_sitenote_category":0,"footnotes":""},"class_list":["post-1360","page","type-page","status-publish","hentry"],"acf":[],"_links":{"self":[{"href":"https:\/\/csportugal.pt\/index.php?rest_route=\/wp\/v2\/pages\/1360","targetHints":{"allow":["GET"]}}],"collection":[{"href":"https:\/\/csportugal.pt\/index.php?rest_route=\/wp\/v2\/pages"}],"about":[{"href":"https:\/\/csportugal.pt\/index.php?rest_route=\/wp\/v2\/types\/page"}],"author":[{"embeddable":true,"href":"https:\/\/csportugal.pt\/index.php?rest_route=\/wp\/v2\/users\/1"}],"replies":[{"embeddable":true,"href":"https:\/\/csportugal.pt\/index.php?rest_route=%2Fwp%2Fv2%2Fcomments&post=1360"}],"version-history":[{"count":43,"href":"https:\/\/csportugal.pt\/index.php?rest_route=\/wp\/v2\/pages\/1360\/revisions"}],"predecessor-version":[{"id":1669,"href":"https:\/\/csportugal.pt\/index.php?rest_route=\/wp\/v2\/pages\/1360\/revisions\/1669"}],"wp:attachment":[{"href":"https:\/\/csportugal.pt\/index.php?rest_route=%2Fwp%2Fv2%2Fmedia&parent=1360"}],"curies":[{"name":"wp","href":"https:\/\/api.w.org\/{rel}","templated":true}]}}